{"id":8337,"date":"2025-09-19T10:14:36","date_gmt":"2025-09-19T10:14:36","guid":{"rendered":"https:\/\/sireggeotech.it\/certificazioni\/"},"modified":"2025-11-19T16:02:16","modified_gmt":"2025-11-19T16:02:16","slug":"certificaciones","status":"publish","type":"page","link":"https:\/\/sireggeotech.it\/es\/certificaciones\/","title":{"rendered":"Certificaciones"},"content":{"rendered":"<div class=\"wpb-content-wrapper\"><p>[vc_row full_width=&#8221;stretch_row_content_no_spaces&#8221; el_class=&#8221;header&#8221; css=&#8221;.vc_custom_1754497309744{margin-top: 0px !important;margin-bottom: 0px !important;padding-top: 0px !important;padding-bottom: 0px !important;}&#8221;][vc_column][vc_single_image image=&#8221;8341&#8243; img_size=&#8221;full&#8221; alignment=&#8221;center&#8221; css=&#8221;&#8221;][\/vc_column][\/vc_row][vc_row full_width=&#8221;stretch_row_content_no_spaces&#8221; css=&#8221;.vc_custom_1754557662909{margin-top: 0px !important;margin-bottom: 0px !important;padding-top: 0px !important;padding-bottom: 0px !important;}&#8221;][vc_column css=&#8221;.vc_custom_1754557657911{margin-bottom: 0px !important;padding-bottom: 0px !important;}&#8221;][vc_column_text css=&#8221;.vc_custom_1754557671253{margin-bottom: 0px !important;}&#8221;]<div class=\"breadcrumbs\">\r\n\t<nav class=\"breadcrumbs\">\r\n\t\t<a href=\"\"https:\/\/sireggeotech.it \/>Home<\/a> &raquo;\r\n\t\tCertificaciones\t<\/nav>\r\n<\/div>[\/vc_column_text][\/vc_column][\/vc_row][vc_row el_class=&#8221;certificazioni&#8221;][vc_column css=&#8221;.vc_custom_1758277411349{padding-top: 60px !important;}&#8221;][vc_custom_heading text=&#8221;CERTIFICACIONES&#8221; font_container=&#8221;tag:h2|font_size:55|text_align:center|color:%23244C5A&#8221; google_fonts=&#8221;font_family:Lato%3A100%2C100italic%2C300%2C300italic%2Cregular%2Citalic%2C700%2C700italic%2C900%2C900italic|font_style:700%20bold%20regular%3A700%3Anormal&#8221; css=&#8221;&#8221; el_id=&#8221;top_certificazioni&#8221;][vc_column_text css=&#8221;&#8221; el_class=&#8221;sub_title weight_500&#8243; el_id=&#8221;sub_title_certificazioni&#8221;]<\/p>\n<p style=\"text-align: center;\">Nuestras certificaciones: garant\u00eda de calidad,<br \/>\nfiabilidad y sostenibilidad<\/p>\n<p>[\/vc_column_text][vc_column_text css=&#8221;&#8221;]<\/p>\n<p style=\"text-align: center;\"><b>Sireg Geotech<\/b><span style=\"font-weight: 400;\"> se encuentra entre las primeras empresas del sector en obtener certificaciones reconocidas a nivel nacional e internacional.<\/span><span style=\"font-weight: 400;\"><br \/>\n<\/span><span style=\"font-weight: 400;\">Estos logros reflejan <\/span><b>nuestro compromiso constante<\/b><span style=\"font-weight: 400;\"> con la <\/span><b>calidad<\/b><span style=\"font-weight: 400;\">, la <\/span><b>seguridad<\/b><span style=\"font-weight: 400;\"> y la <\/span><b>sostenibilidad<\/b><span style=\"font-weight: 400;\">.<br \/>\n<\/span><span style=\"font-weight: 400;\">Para nosotros, las certificaciones no son simples hitos formales, sino un <\/span><b>compromiso voluntario<\/b><span style=\"font-weight: 400;\"> de ser evaluados por organismos externos cualificados. Este proceso nos permite aplicar <\/span><b>sistemas de gesti\u00f3n rigurosos<\/b><span style=\"font-weight: 400;\">, garantizando el pleno cumplimiento de la normativa vigente y de los <\/span><b>m\u00e1s altos est\u00e1ndares t\u00e9cnicos<\/b><span style=\"font-weight: 400;\">.<br \/>\n<\/span><span style=\"font-weight: 400;\">Desde la calidad del producto hasta la protecci\u00f3n del medio ambiente, cada aspecto de nuestras operaciones se gestiona con <\/span><b>responsabilidad y precisi\u00f3n<\/b><span style=\"font-weight: 400;\">.<\/span><span style=\"font-weight: 400;\"><br \/>\n<\/span><span style=\"font-weight: 400;\">Estas certificaciones confirman una vez m\u00e1s nuestra <\/span><b>cultura industrial<\/b><span style=\"font-weight: 400;\"> y las <\/span><b>s\u00f3lidas relaciones que construimos d\u00eda a d\u00eda con clientes<\/b><span style=\"font-weight: 400;\">, colaboradores y partes interesadas.<\/span><\/p>\n<p>[\/vc_column_text][\/vc_column][\/vc_row][vc_row css=&#8221;.vc_custom_1762143230126{margin-top: 0px !important;padding-top: 0px !important;}&#8221; el_class=&#8221;certificazioni&#8221;][vc_column width=&#8221;1\/4&#8243; css=&#8221;.vc_custom_1758277411349{padding-top: 60px !important;}&#8221;][\/vc_column][vc_column width=&#8221;3\/4&#8243; css=&#8221;.vc_custom_1758293161258{padding-top: 60px !important;}&#8221;][vc_column_text css=&#8221;.vc_custom_1763567339718{margin-top: 0px !important;margin-bottom: 0px !important;padding-top: 0px !important;}&#8221; el_class=&#8221;sub_title weight_500&#8243; el_id=&#8221;title_certificazioni&#8221;]<\/p>\n<p style=\"text-align: center;\">Marcado CE para las barras de fibra de vidrio<br \/>\nGLASSPREE\u00ae TS<\/p>\n<p>[\/vc_column_text][\/vc_column][\/vc_row][vc_row css=&#8221;.vc_custom_1762143237645{margin-top: 0px !important;padding-top: 20px !important;}&#8221; el_class=&#8221;certificazioni&#8221;][vc_column width=&#8221;1\/4&#8243;][vc_single_image image=&#8221;8655&#8243; img_size=&#8221;medium&#8221; alignment=&#8221;center&#8221; onclick=&#8221;custom_link&#8221; img_link_target=&#8221;_blank&#8221; css=&#8221;&#8221; link=&#8221;https:\/\/sireggeotech.it\/wp-content\/uploads\/2025\/09\/2024-12-20-Certificato-di-costanza-della-prestazione-0970-CPR-1015-CE-1624.pdf&#8221; el_class=&#8221;immagine_certificazioni_ce&#8221;][\/vc_column][vc_column width=&#8221;3\/4&#8243; css=&#8221;.vc_custom_1758285350553{padding-top: 0px !important;}&#8221;][vc_column_text css=&#8221;.vc_custom_1763567455175{margin-top: 0px !important;padding-top: 0px !important;}&#8221;]<span style=\"font-weight: 400;\">Enero de 2025 \u2013 <\/span><b>Sireg Geotech<\/b><span style=\"font-weight: 400;\"> ha obtenido el <\/span><b>marcado CE<\/b><span style=\"font-weight: 400;\"> para las <a href=\"https:\/\/sireggeotech.it\/es\/productos\/barras-de-fibra-de-vidrio-glasspree\/\">barras de fibra de vidrio <strong>GLASSPREE<sup>\u00ae<\/sup><\/strong><\/a><\/span><b>\u00a0TS<\/b><span style=\"font-weight: 400;\">, rectas y conformadas, dise\u00f1adas para el refuerzo estructural de elementos de hormig\u00f3n, tanto nuevos como existentes.<\/span><\/p>\n<p><span style=\"font-weight: 400;\">Esta certificaci\u00f3n representa un hito importante para el sector de la construcci\u00f3n en Europa, al introducir una alternativa cualificada y pr\u00e1ctica al acero tradicional: las barras compuestas GFRP (Glass Fiber Reinforced Polymer).<\/span><\/p>\n<p><span style=\"font-weight: 400;\">El marcado CE, establecido por el Reglamento (UE) n.\u00ba 305\/2011, es obligatorio para todos los productos y sistemas destinados a incorporarse de forma permanente en obras de construcci\u00f3n cuando su rendimiento afecta las caracter\u00edsticas esenciales de la estructura.<\/span>[\/vc_column_text][vc_row_inner el_class=&#8221;inline_pdf&#8221;][vc_column_inner el_class=&#8221;pdf_certificazioni&#8221;][vc_single_image image=&#8221;8338&#8243; img_size=&#8221;50px&#8221; onclick=&#8221;custom_link&#8221; img_link_target=&#8221;_blank&#8221; css=&#8221;.vc_custom_1758293534427{margin-top: -20px !important;margin-bottom: 20px !important;padding-top: 0px !important;}&#8221; link=&#8221;https:\/\/sireggeotech.it\/wp-content\/uploads\/2025\/09\/2024-12-20-Certificato-di-costanza-della-prestazione-0970-CPR-1015-CE-1624.pdf&#8221;][vc_single_image image=&#8221;8338&#8243; img_size=&#8221;50px&#8221; onclick=&#8221;custom_link&#8221; img_link_target=&#8221;_blank&#8221; css=&#8221;.vc_custom_1762159651883{margin-top: -20px !important;margin-bottom: 20px !important;padding-top: 0px !important;}&#8221; link=&#8221;https:\/\/sireggeotech.it\/wp-content\/uploads\/2025\/10\/Sireg-Glasspree-TS-DoP-001-25-r01-sl.pdf&#8221;][\/vc_column_inner][\/vc_row_inner][\/vc_column][\/vc_row][vc_row css=&#8221;.vc_custom_1758284625046{margin-top: 0px !important;padding-top: 0px !important;}&#8221;][vc_column width=&#8221;1\/4&#8243; css=&#8221;.vc_custom_1758277411349{padding-top: 60px !important;}&#8221;][\/vc_column][vc_column width=&#8221;3\/4&#8243; css=&#8221;.vc_custom_1758293128408{padding-top: 60px !important;}&#8221;][vc_column_text css=&#8221;.vc_custom_1763567592090{margin-top: 0px !important;margin-bottom: 0px !important;padding-top: 0px !important;}&#8221; el_class=&#8221;sub_title weight_500&#8243; el_id=&#8221;title_certificazioni&#8221;]<\/p>\n<p style=\"text-align: center;\">Certificaci\u00f3n ETA<br \/>\n(Evaluaci\u00f3n T\u00e9cnica Europea)<\/p>\n<p>[\/vc_column_text][\/vc_column][\/vc_row][vc_row css=&#8221;.vc_custom_1762143258150{margin-top: 0px !important;padding-top: 20px !important;}&#8221; el_class=&#8221;certificazioni&#8221;][vc_column width=&#8221;1\/4&#8243;][vc_single_image image=&#8221;8656&#8243; img_size=&#8221;full&#8221; alignment=&#8221;center&#8221; onclick=&#8221;custom_link&#8221; img_link_target=&#8221;_blank&#8221; css=&#8221;.vc_custom_1758286876667{margin-bottom: 0px !important;}&#8221; link=&#8221;https:\/\/sireggeotech.it\/wp-content\/uploads\/2025\/09\/ETA-22-0168-SIREG-ITA-Prot-ITC-6317-signed.pdf&#8221; el_class=&#8221;immagine_certificazioni&#8221;][\/vc_column][vc_column width=&#8221;3\/4&#8243; css=&#8221;.vc_custom_1758285350553{padding-top: 0px !important;}&#8221;][vc_column_text css=&#8221;.vc_custom_1763567676887{margin-top: 0px !important;padding-top: 0px !important;}&#8221;]<b>28 octubre 2022<\/b><span style=\"font-weight: 400;\"> \u2013 <\/span><b>Sireg Geotech<\/b><span style=\"font-weight: 400;\"> obtuvo la <\/span><b>Evaluaci\u00f3n T\u00e9cnica Europea (ETA 22\/0168)<\/b><span style=\"font-weight: 400;\"> para las barras de fibra de vidrio <\/span><b>Glasspree<strong><sup>\u00ae<\/sup><\/strong> TS<\/b><span style=\"font-weight: 400;\"> de uso estructural, conforme al documento EAD n.\u00ba 260023-00-0301: \u201c<\/span><i><span style=\"font-weight: 400;\">Barras de FRP (Fibre Reinforced Polymer) de carbono, vidrio, basalto y aramida como refuerzo de elementos estructurales.<\/span><\/i><span style=\"font-weight: 400;\">\u201d<\/span><\/p>\n<p><span style=\"font-weight: 400;\">Este reconocimiento es el resultado de la colaboraci\u00f3n con el <\/span><b>Instituto de Tecnolog\u00edas de la Construcci\u00f3n (ITC-CNR)<\/b><span style=\"font-weight: 400;\"> y el <\/span><b>Polit\u00e9cnico de Mil\u00e1n<\/b><span style=\"font-weight: 400;\">, y confirma el alto nivel t\u00e9cnico e innovador del producto.<\/span><\/p>\n<p><span style=\"font-weight: 400;\">Las <a href=\"https:\/\/sireggeotech.it\/es\/productos\/barras-de-fibra-de-vidrio-glasspree\/\">barras de fibra de vidrio<\/a> <\/span><b>Glasspree<strong><sup>\u00ae<\/sup><\/strong> TS<\/b><span style=\"font-weight: 400;\"> ofrecen una alternativa m\u00e1s duradera y sostenible al acero, especialmente indicada para entornos agresivos (como condiciones salinas o con cloruros de deshielo) o zonas con campos electromagn\u00e9ticos.<\/span><\/p>\n<p><span style=\"font-weight: 400;\">Hasta la fecha, las barras <\/span><b>Glasspree<strong><sup>\u00ae<\/sup><\/strong> TS<\/b><span style=\"font-weight: 400;\"> son las <\/span><b>\u00fanicas barras de fibra de vidrio del mercado con certificaci\u00f3n ETA<\/b><span style=\"font-weight: 400;\">, lo que las consolida como un referente tecnol\u00f3gico en el sector del refuerzo estructural.<\/span>[\/vc_column_text][vc_single_image image=&#8221;8338&#8243; img_size=&#8221;50px&#8221; onclick=&#8221;custom_link&#8221; img_link_target=&#8221;_blank&#8221; css=&#8221;.vc_custom_1758293458720{margin-top: -20px !important;margin-bottom: 20px !important;padding-top: 0px !important;}&#8221; link=&#8221;https:\/\/sireggeotech.it\/wp-content\/uploads\/2025\/09\/ETA-22-0168-SIREG-ITA-Prot-ITC-6317-signed.pdf&#8221;][\/vc_column][\/vc_row][vc_row css=&#8221;.vc_custom_1758284625046{margin-top: 0px !important;padding-top: 0px !important;}&#8221;][vc_column width=&#8221;1\/4&#8243; css=&#8221;.vc_custom_1758277411349{padding-top: 60px !important;}&#8221;][\/vc_column][vc_column width=&#8221;3\/4&#8243; css=&#8221;.vc_custom_1758293138712{padding-top: 60px !important;}&#8221;][vc_column_text css=&#8221;.vc_custom_1763567697627{margin-top: 0px !important;margin-bottom: 0px !important;padding-top: 0px !important;}&#8221; el_class=&#8221;sub_title weight_500&#8243; el_id=&#8221;title_certificazioni&#8221;]<\/p>\n<p style=\"text-align: center;\">Declaraci\u00f3n Ambiental de Producto<br \/>\n(EPD)<\/p>\n<p>[\/vc_column_text][\/vc_column][\/vc_row][vc_row css=&#8221;.vc_custom_1762143268356{margin-top: 0px !important;padding-top: 20px !important;}&#8221; el_class=&#8221;certificazioni&#8221;][vc_column width=&#8221;1\/4&#8243;][vc_single_image image=&#8221;8339&#8243; img_size=&#8221;full&#8221; alignment=&#8221;center&#8221; onclick=&#8221;custom_link&#8221; img_link_target=&#8221;_blank&#8221; css=&#8221;&#8221; link=&#8221;https:\/\/sireggeotech.it\/wp-content\/uploads\/2025\/09\/EPD-SIREG-Glasspree-TS.pdf&#8221; el_class=&#8221;immagine_certificazioni&#8221;][\/vc_column][vc_column width=&#8221;3\/4&#8243; css=&#8221;.vc_custom_1758285350553{padding-top: 0px !important;}&#8221;][vc_column_text css=&#8221;.vc_custom_1763567722818{margin-top: 0px !important;padding-top: 0px !important;}&#8221;]<b>25 octubre 2024<\/b><span style=\"font-weight: 400;\"> \u2013 <\/span><b>Sireg Geotech<\/b><span style=\"font-weight: 400;\"> obtuvo la certificaci\u00f3n <\/span><b>EPD (Environmental Product Declaration)<\/b><span style=\"font-weight: 400;\"> para las barras y estribos de fibra de vidrio <\/span><b>GLASSPREE<strong><sup>\u00ae<\/sup><\/strong> TS<\/b><span style=\"font-weight: 400;\">.<\/span><\/p>\n<p><span style=\"font-weight: 400;\">Dise\u00f1adas para el refuerzo permanente del hormig\u00f3n, las barras GLASSPREE<sup>\u00ae<\/sup> TS ofrecen alta durabilidad, resistencia a la corrosi\u00f3n y un menor impacto ambiental, lo que las hace ideales para su uso en entornos agresivos, como zonas salinas, \u00e1reas expuestas a campos electromagn\u00e9ticos o lugares sujetos a cloruros de deshielo.<\/span>[\/vc_column_text][vc_single_image image=&#8221;8338&#8243; img_size=&#8221;50px&#8221; onclick=&#8221;custom_link&#8221; img_link_target=&#8221;_blank&#8221; css=&#8221;.vc_custom_1758293515758{margin-top: -20px !important;margin-bottom: 20px !important;padding-top: 0px !important;}&#8221; link=&#8221;https:\/\/sireggeotech.it\/wp-content\/uploads\/2025\/09\/EPD-SIREG-Glasspree-TS.pdf&#8221;][\/vc_column][\/vc_row][vc_row css=&#8221;.vc_custom_1758284625046{margin-top: 0px !important;padding-top: 0px !important;}&#8221;][vc_column width=&#8221;1\/4&#8243; css=&#8221;.vc_custom_1758277411349{padding-top: 60px !important;}&#8221;][\/vc_column][vc_column width=&#8221;3\/4&#8243; css=&#8221;.vc_custom_1758293118646{padding-top: 40px !important;}&#8221;][vc_column_text css=&#8221;.vc_custom_1763567742885{margin-bottom: 0px !important;}&#8221; el_class=&#8221;sub_title weight_500&#8243; el_id=&#8221;title_certificazioni&#8221;]<\/p>\n<p style=\"text-align: center;\">Certificaci\u00f3n del Sistema de Calidad<br \/>\nUNI EN ISO 9001:2015<\/p>\n<p>[\/vc_column_text][\/vc_column][\/vc_row][vc_row content_placement=&#8221;top&#8221; css=&#8221;.vc_custom_1762143279430{margin-top: 0px !important;margin-bottom: 120px !important;padding-top: 20px !important;}&#8221; el_class=&#8221;certificazioni&#8221;][vc_column width=&#8221;1\/4&#8243;][vc_single_image image=&#8221;8340&#8243; img_size=&#8221;full&#8221; alignment=&#8221;center&#8221; onclick=&#8221;custom_link&#8221; img_link_target=&#8221;_blank&#8221; css=&#8221;&#8221; link=&#8221;https:\/\/sireggeotech.it\/wp-content\/uploads\/2025\/09\/SIREG-Certificato-ISO-9001-201-it-eng.pdf&#8221; el_class=&#8221;immagine_certificazioni&#8221;][\/vc_column][vc_column width=&#8221;3\/4&#8243; css=&#8221;.vc_custom_1761122967900{padding-top: 0px !important;}&#8221;][vc_column_text css=&#8221;&#8221;]<span style=\"font-weight: 400;\">El <\/span><b>Sistema de Calidad de Sireg Geotech<\/b><span style=\"font-weight: 400;\"> est\u00e1 certificado seg\u00fan la norma <\/span><b>UNI EN ISO 9001<\/b><span style=\"font-weight: 400;\"> desde 1997.<\/span><span style=\"font-weight: 400;\"><br \/>\n<\/span><span style=\"font-weight: 400;\">Desde hace m\u00e1s de 25 a\u00f1os, esta norma representa una herramienta fundamental para la empresa, garantizando el control en todas las fases del proceso productivo, la trazabilidad de los materiales y el estricto cumplimiento de todos los procedimientos establecidos.<\/span><\/p>\n<p><span style=\"font-weight: 400;\">El objetivo final es ofrecer productos fiables y de alto rendimiento, que cumplan con los m\u00e1s altos est\u00e1ndares de calidad y satisfagan de manera constante las expectativas de nuestros clientes.<\/span>[\/vc_column_text][vc_single_image image=&#8221;8338&#8243; img_size=&#8221;50px&#8221; onclick=&#8221;custom_link&#8221; img_link_target=&#8221;_blank&#8221; css=&#8221;.vc_custom_1758293498870{margin-top: -20px !important;margin-bottom: 20px !important;padding-top: 0px !important;}&#8221; link=&#8221;https:\/\/sireggeotech.it\/wp-content\/uploads\/2025\/09\/SIREG-Certificato-ISO-9001-201-it-eng.pdf&#8221;][\/vc_column][\/vc_row]<\/p>\n<\/div>","protected":false},"excerpt":{"rendered":"<p>[vc_row full_width=&#8221;stretch_row_content_no_spaces&#8221; el_class=&#8221;header&#8221; css=&#8221;.vc_custom_1754497309744{margin-top: 0px !important;margin-bottom: 0px !important;padding-top: 0px !important;padding-bottom: 0px !important;}&#8221;][vc_column][vc_single_image image=&#8221;8341&#8243; img_size=&#8221;full&#8221; alignment=&#8221;center&#8221; css=&#8221;&#8221;][\/vc_column][\/vc_row][vc_row full_width=&#8221;stretch_row_content_no_spaces&#8221; css=&#8221;.vc_custom_1754557662909{margin-top: 0px !important;margin-bottom: 0px !important;padding-top: 0px !important;padding-bottom: 0px !important;}&#8221;][vc_column css=&#8221;.vc_custom_1754557657911{margin-bottom: 0px !important;padding-bottom: 0px !important;}&#8221;][vc_column_text css=&#8221;.vc_custom_1754557671253{margin-bottom: 0px !important;}&#8221;][\/vc_column_text][\/vc_column][\/vc_row][vc_row el_class=&#8221;certificazioni&#8221;][vc_column css=&#8221;.vc_custom_1758277411349{padding-top: 60px !important;}&#8221;][vc_custom_heading text=&#8221;CERTIFICACIONES&#8221; font_container=&#8221;tag:h2|font_size:55|text_align:center|color:%23244C5A&#8221; google_fonts=&#8221;font_family:Lato%3A100%2C100italic%2C300%2C300italic%2Cregular%2Citalic%2C700%2C700italic%2C900%2C900italic|font_style:700%20bold%20regular%3A700%3Anormal&#8221; css=&#8221;&#8221; el_id=&#8221;top_certificazioni&#8221;][vc_column_text css=&#8221;&#8221; el_class=&#8221;sub_title weight_500&#8243; el_id=&#8221;sub_title_certificazioni&#8221;] Nuestras certificaciones: garant\u00eda de calidad, fiabilidad y sostenibilidad [&hellip;]<\/p>\n","protected":false},"author":2,"featured_media":0,"parent":0,"menu_order":0,"comment_status":"closed","ping_status":"closed","template":"","meta":{"_acf_changed":false,"inline_featured_image":false,"footnotes":""},"class_list":["post-8337","page","type-page","status-publish","hentry"],"acf":[],"_links":{"self":[{"href":"https:\/\/sireggeotech.it\/es\/wp-json\/wp\/v2\/pages\/8337","targetHints":{"allow":["GET"]}}],"collection":[{"href":"https:\/\/sireggeotech.it\/es\/wp-json\/wp\/v2\/pages"}],"about":[{"href":"https:\/\/sireggeotech.it\/es\/wp-json\/wp\/v2\/types\/page"}],"author":[{"embeddable":true,"href":"https:\/\/sireggeotech.it\/es\/wp-json\/wp\/v2\/users\/2"}],"replies":[{"embeddable":true,"href":"https:\/\/sireggeotech.it\/es\/wp-json\/wp\/v2\/comments?post=8337"}],"version-history":[{"count":6,"href":"https:\/\/sireggeotech.it\/es\/wp-json\/wp\/v2\/pages\/8337\/revisions"}],"predecessor-version":[{"id":8664,"href":"https:\/\/sireggeotech.it\/es\/wp-json\/wp\/v2\/pages\/8337\/revisions\/8664"}],"wp:attachment":[{"href":"https:\/\/sireggeotech.it\/es\/wp-json\/wp\/v2\/media?parent=8337"}],"curies":[{"name":"wp","href":"https:\/\/api.w.org\/{rel}","templated":true}]}}