{"id":8364,"date":"2025-09-19T13:25:35","date_gmt":"2025-09-19T13:25:35","guid":{"rendered":"https:\/\/sireggeotech.it\/contatti\/"},"modified":"2025-11-18T15:03:59","modified_gmt":"2025-11-18T15:03:59","slug":"contacto","status":"publish","type":"page","link":"https:\/\/sireggeotech.it\/es\/contacto\/","title":{"rendered":"Contacto"},"content":{"rendered":"<div class=\"wpb-content-wrapper\"><p>[vc_row full_width=&#8221;stretch_row_content_no_spaces&#8221; el_class=&#8221;header&#8221; css=&#8221;.vc_custom_1754497309744{margin-top: 0px !important;margin-bottom: 0px !important;padding-top: 0px !important;padding-bottom: 0px !important;}&#8221;][vc_column][vc_single_image image=&#8221;5469&#8243; img_size=&#8221;full&#8221; alignment=&#8221;center&#8221; css=&#8221;&#8221;][\/vc_column][\/vc_row][vc_row full_width=&#8221;stretch_row_content_no_spaces&#8221; css=&#8221;.vc_custom_1754557662909{margin-top: 0px !important;margin-bottom: 0px !important;padding-top: 0px !important;padding-bottom: 0px !important;}&#8221;][vc_column css=&#8221;.vc_custom_1754557657911{margin-bottom: 0px !important;padding-bottom: 0px !important;}&#8221;][vc_column_text css=&#8221;.vc_custom_1754557671253{margin-bottom: 0px !important;}&#8221;]<div class=\"breadcrumbs\">\r\n\t<nav class=\"breadcrumbs\">\r\n\t\t<a href=\"\"https:\/\/sireggeotech.it \/>Home<\/a> &raquo;\r\n\t\tContacto\t<\/nav>\r\n<\/div>[\/vc_column_text][vc_custom_heading text=&#8221;CONTACTO&#8221; font_container=&#8221;tag:h2|font_size:55|text_align:center|color:%23244C5A&#8221; google_fonts=&#8221;font_family:Lato%3A100%2C100italic%2C300%2C300italic%2Cregular%2Citalic%2C700%2C700italic%2C900%2C900italic|font_style:700%20bold%20regular%3A700%3Anormal&#8221; css=&#8221;.vc_custom_1763477964670{padding-top: 70px !important;}&#8221;][\/vc_column][\/vc_row][vc_row full_height=&#8221;yes&#8221; columns_placement=&#8221;top&#8221; equal_height=&#8221;yes&#8221;][vc_column width=&#8221;1\/2&#8243; css=&#8221;.vc_custom_1758277411349{padding-top: 60px !important;}&#8221;][vc_column_text css=&#8221;&#8221; el_class=&#8221;sub_title weight_500 remove_space&#8221;]<\/p>\n<div class=\"content\">\n<p class=\"cta\" style=\"text-align: center;\">Nuestras Oficinas<\/p>\n<\/div>\n<p>[\/vc_column_text][vc_column_text css=&#8221;&#8221; el_class=&#8221;black_text bg_indirizzo&#8221;]<\/p>\n<h4 style=\"text-align: center;\"><span style=\"color: #254c5b;\"><strong>SIREG GEOTECH S.r.l.<\/strong><\/span><\/h4>\n<p style=\"text-align: center;\"><i class=\"fa-solid fa-location-dot\"><\/i> Via del Bruno, 12, 20862 Arcore (MB), Italia<br \/>\n<i class=\"fa-solid fa-phone\"><\/i> (+39) 039 627021<br \/>\n<i class=\"fa-solid fa-envelope\"><\/i> <a href=\"mailto:info@sireg.it\">info@sireg.it<\/a><br \/>\nCorreo electr\u00f3nico certificado (PEC) <a href=\"mailto:sireg.geotech@legalmail.it\">sireg.geotech@legalmail.it<\/a><br \/>\nPrensa y Medios <a href=\"mailto:press@sireg.it\">press@sireg.it<\/a><\/p>\n<p style=\"text-align: center;\"><b><span style=\"color: #254c5b;\">Horario de atenci\u00f3n<\/span><br \/>\n<\/b>Lunes \u2013 Viernes: 8:30 &#8211; 18:00<br \/>\nS\u00e1bado \u2013 Domingo: Cerrado<\/p>\n<p>[\/vc_column_text][\/vc_column][vc_column width=&#8221;1\/2&#8243; el_class=&#8221;distributori_links&#8221;][vc_column_text css=&#8221;&#8221; el_class=&#8221;sub_title weight_500&#8243;]<\/p>\n<div class=\"content\">\n<p class=\"cta\" style=\"text-align: center;\">Nuestros Distribuidores<\/p>\n<\/div>\n<p>[\/vc_column_text][vc_column_text css=&#8221;&#8221; el_class=&#8221;black_text bg_indirizzo&#8221;]<\/p>\n<p style=\"text-align: center;\"><span style=\"color: #254c5b;\"><strong><i class=\"fa-solid fa-industry\"><\/i> Grecia<\/strong> <\/span>\u2013 <a href=\"https:\/\/www.elebor.gr\/\" target=\"_blank\" rel=\"noopener\">Elebor<\/a><\/p>\n<p style=\"text-align: center;\"><strong><i class=\"fa-solid fa-industry\"><\/i> <span style=\"color: #254c5b;\">Polonia<\/span><\/strong> &#8211; <a href=\"https:\/\/atm-tech.pl\/\" target=\"_blank\" rel=\"noopener\">ATM SP. z.o.o.<\/a><\/p>\n<p style=\"text-align: center;\"><span style=\"color: #254c5b;\"><strong>B\u00e9lgica<\/strong>\u00a0<\/span>&#8211; <a href=\"https:\/\/fortius.be\/\" target=\"_blank\" rel=\"noopener\">Hakron-Fortius<\/a><\/p>\n<p style=\"text-align: center;\"><span style=\"color: #254c5b;\"><strong>Turqu\u00eda<\/strong>\u00a0<\/span>&#8211; Kanada Teknik<\/p>\n<p style=\"text-align: center;\"><span style=\"color: #254c5b;\"><strong><i class=\"fa-solid fa-industry\"><\/i> Israel<\/strong>\u00a0<\/span>&#8211; <a href=\"https:\/\/www.lipsker.co.il\/\" target=\"_blank\" rel=\"noopener\">Lipsker Co.<\/a><\/p>\n<p style=\"text-align: center;\"><span style=\"color: #254c5b;\"><strong>Alemania<\/strong>\u00a0<\/span>&#8211; <a href=\"https:\/\/www.gloetzl.de\/?lang=en\" target=\"_blank\" rel=\"noopener\">Gl\u00f6tzl<\/a><\/p>\n<p>[\/vc_column_text][\/vc_column][\/vc_row][vc_row][vc_column css=&#8221;.vc_custom_1758277411349{padding-top: 60px !important;}&#8221;][vc_column_text css=&#8221;&#8221; el_class=&#8221;sub_title weight_500&#8243;]<\/p>\n<div class=\"content\">\n<p class=\"cta\" style=\"text-align: center;\">P\u00f3ngase en contacto con el<br \/>\nequipo t\u00e9cnico de Sireg Geotech<br \/>\npara obtener m\u00e1s informaci\u00f3n.<\/p>\n<\/div>\n<p>[\/vc_column_text][\/vc_column][\/vc_row][vc_row css=&#8221;.vc_custom_1758295970093{margin-bottom: 0px !important;padding-bottom: 0px !important;}&#8221;][vc_column css=&#8221;.vc_custom_1758295984470{margin-bottom: 0px !important;padding-top: 0px !important;padding-bottom: 0px !important;}&#8221; el_id=&#8221;form&#8221; el_class=&#8221;container_block form_footer&#8221;][vc_column_text css=&#8221;.vc_custom_1763478184941{margin-bottom: 0px !important;}&#8221; el_class=&#8221;form_contact&#8221;]\n<div class=\"wpcf7 no-js\" id=\"wpcf7-f8060-o1\" lang=\"es-ES\" dir=\"ltr\" data-wpcf7-id=\"8060\">\n<div class=\"screen-reader-response\"><p role=\"status\" aria-live=\"polite\" aria-atomic=\"true\"><\/p> <ul><\/ul><\/div>\n<form action=\"\/es\/wp-json\/wp\/v2\/pages\/8364#wpcf7-f8060-o1\" method=\"post\" class=\"wpcf7-form init\" aria-label=\"Formulario de contacto\" novalidate=\"novalidate\" data-status=\"init\">\n<fieldset class=\"hidden-fields-container\"><input type=\"hidden\" name=\"_wpcf7\" value=\"8060\" \/><input type=\"hidden\" name=\"_wpcf7_version\" value=\"6.1.4\" \/><input type=\"hidden\" name=\"_wpcf7_locale\" value=\"es_ES\" \/><input type=\"hidden\" name=\"_wpcf7_unit_tag\" value=\"wpcf7-f8060-o1\" \/><input type=\"hidden\" name=\"_wpcf7_container_post\" value=\"0\" \/><input type=\"hidden\" name=\"_wpcf7_posted_data_hash\" value=\"\" \/><input type=\"hidden\" name=\"_wpcf7_recaptcha_response\" value=\"\" \/>\n<\/fieldset>\n<div class=\"riga3\">\n\t<p><span class=\"wpcf7-form-control-wrap\" data-name=\"nome\"><input size=\"40\" maxlength=\"400\" class=\"wpcf7-form-control wpcf7-text wpcf7-validates-as-required\" aria-required=\"true\" aria-invalid=\"false\" placeholder=\"Nombre*\" value=\"\" type=\"text\" name=\"nome\" \/><\/span>\n\t<\/p>\n\t<p><span class=\"wpcf7-form-control-wrap\" data-name=\"cognome\"><input size=\"40\" maxlength=\"400\" class=\"wpcf7-form-control wpcf7-text wpcf7-validates-as-required\" aria-required=\"true\" aria-invalid=\"false\" placeholder=\"Apellidos*\" value=\"\" type=\"text\" name=\"cognome\" \/><\/span>\n\t<\/p>\n\t<p><span class=\"wpcf7-form-control-wrap\" data-name=\"telefono\"><input size=\"40\" maxlength=\"400\" class=\"wpcf7-form-control wpcf7-tel wpcf7-text wpcf7-validates-as-tel\" aria-invalid=\"false\" placeholder=\"Tel\u00e9fono\" value=\"\" type=\"tel\" name=\"telefono\" \/><\/span>\n\t<\/p>\n<\/div>\n<div class=\"riga3\">\n\t<p><span class=\"wpcf7-form-control-wrap\" data-name=\"email\"><input size=\"40\" maxlength=\"400\" class=\"wpcf7-form-control wpcf7-email wpcf7-validates-as-required wpcf7-text wpcf7-validates-as-email\" aria-required=\"true\" aria-invalid=\"false\" placeholder=\"Correo electr\u00f3nico*\" value=\"\" type=\"email\" name=\"email\" \/><\/span>\n\t<\/p>\n\t<p><span class=\"wpcf7-form-control-wrap\" data-name=\"societa\"><input size=\"40\" maxlength=\"400\" class=\"wpcf7-form-control wpcf7-text wpcf7-validates-as-required\" aria-required=\"true\" aria-invalid=\"false\" placeholder=\"Empresa*\" value=\"\" type=\"text\" name=\"societa\" \/><\/span>\n\t<\/p>\n\t<p><span class=\"wpcf7-form-control-wrap\" data-name=\"professione\"><select class=\"wpcf7-form-control wpcf7-select wpcf7-validates-as-required\" aria-required=\"true\" aria-invalid=\"false\" name=\"professione\"><option value=\"\">Seleccionar un cargo*<\/option><option value=\"Oficina T\u00e9cnica \/ Estudio de Dise\u00f1o\">Oficina T\u00e9cnica \/ Estudio de Dise\u00f1o<\/option><option value=\"Departamento de Ventas\">Departamento de Ventas<\/option><option value=\"Universidad\">Universidad<\/option><option value=\"Otro\">Otro<\/option><\/select><\/span>\n\t<\/p>\n<\/div>\n<div class=\"riga1\">\n\t<p><span class=\"wpcf7-form-control-wrap\" data-name=\"messaggio\"><textarea cols=\"40\" rows=\"10\" maxlength=\"2000\" class=\"wpcf7-form-control wpcf7-textarea wpcf7-validates-as-required\" aria-required=\"true\" aria-invalid=\"false\" placeholder=\"Mensaje*\" name=\"messaggio\"><\/textarea><\/span>\n\t<\/p>\n\t<p class=\"privacy\"><span class=\"wpcf7-form-control-wrap\" data-name=\"privacy\"><span class=\"wpcf7-form-control wpcf7-acceptance\"><span class=\"wpcf7-list-item\"><label><input type=\"checkbox\" name=\"privacy\" value=\"1\" aria-invalid=\"false\" \/><span class=\"wpcf7-list-item-label\">Al enviar este formulario, doy mi consentimiento para el tratamiento de mis datos \u00fanicamente para la solicitud en cuesti\u00f3n. Consentimiento expl\u00edcito seg\u00fan el RGPD 679-2016.<\/span><\/label><\/span><\/span><\/span>\n\t<\/p>\n\t<p class=\"privacy\"><span class=\"wpcf7-form-control-wrap\" data-name=\"newsletter\"><span class=\"wpcf7-form-control wpcf7-checkbox\"><span class=\"wpcf7-list-item first last\"><label><input type=\"checkbox\" name=\"newsletter[]\" value=\"Suscr\u00edbeme al bolet\u00edn informativo de Sireg.\" \/><span class=\"wpcf7-list-item-label\">Suscr\u00edbeme al bolet\u00edn informativo de Sireg.<\/span><\/label><\/span><\/span><\/span>\n\t<\/p>\n\t<p><input class=\"wpcf7-form-control wpcf7-submit has-spinner\" type=\"submit\" value=\"Enviar\" \/>\n\t<\/p>\n<\/div><div class=\"wpcf7-response-output\" aria-hidden=\"true\"><\/div>\n<\/form>\n<\/div>\n[\/vc_column_text][\/vc_column][\/vc_row][vc_row full_width=&#8221;stretch_row_content_no_spaces&#8221; css=&#8221;.vc_custom_1758295995855{margin-top: 0px !important;margin-bottom: 0px !important;padding-top: 0px !important;padding-bottom: 0px !important;}&#8221;][vc_column css=&#8221;.vc_custom_1758296009827{margin-bottom: 0px !important;padding-top: 0px !important;padding-bottom: 0px !important;}&#8221;][vc_goo_maps location=&#8221;Sireg Geotech srl, 20862 Arcore (MB) Milan \u2013 Italy Via Del Bruno 12&#8243; height=&#8221;500px&#8221; css=&#8221;.vc_custom_1759164792188{margin-bottom: 0px !important;}&#8221;][\/vc_column][\/vc_row]<\/p>\n<\/div>","protected":false},"excerpt":{"rendered":"<p>[vc_row full_width=&#8221;stretch_row_content_no_spaces&#8221; el_class=&#8221;header&#8221; css=&#8221;.vc_custom_1754497309744{margin-top: 0px !important;margin-bottom: 0px !important;padding-top: 0px !important;padding-bottom: 0px !important;}&#8221;][vc_column][vc_single_image image=&#8221;5469&#8243; img_size=&#8221;full&#8221; alignment=&#8221;center&#8221; css=&#8221;&#8221;][\/vc_column][\/vc_row][vc_row full_width=&#8221;stretch_row_content_no_spaces&#8221; css=&#8221;.vc_custom_1754557662909{margin-top: 0px !important;margin-bottom: 0px !important;padding-top: 0px !important;padding-bottom: 0px !important;}&#8221;][vc_column css=&#8221;.vc_custom_1754557657911{margin-bottom: 0px !important;padding-bottom: 0px !important;}&#8221;][vc_column_text css=&#8221;.vc_custom_1754557671253{margin-bottom: 0px !important;}&#8221;][\/vc_column_text][vc_custom_heading text=&#8221;CONTACTO&#8221; font_container=&#8221;tag:h2|font_size:55|text_align:center|color:%23244C5A&#8221; google_fonts=&#8221;font_family:Lato%3A100%2C100italic%2C300%2C300italic%2Cregular%2Citalic%2C700%2C700italic%2C900%2C900italic|font_style:700%20bold%20regular%3A700%3Anormal&#8221; css=&#8221;.vc_custom_1763477964670{padding-top: 70px !important;}&#8221;][\/vc_column][\/vc_row][vc_row full_height=&#8221;yes&#8221; columns_placement=&#8221;top&#8221; equal_height=&#8221;yes&#8221;][vc_column width=&#8221;1\/2&#8243; css=&#8221;.vc_custom_1758277411349{padding-top: 60px !important;}&#8221;][vc_column_text css=&#8221;&#8221; el_class=&#8221;sub_title weight_500 remove_space&#8221;] Nuestras Oficinas [\/vc_column_text][vc_column_text css=&#8221;&#8221; [&hellip;]<\/p>\n","protected":false},"author":2,"featured_media":0,"parent":0,"menu_order":0,"comment_status":"closed","ping_status":"closed","template":"","meta":{"_acf_changed":false,"inline_featured_image":false,"footnotes":""},"class_list":["post-8364","page","type-page","status-publish","hentry"],"acf":[],"_links":{"self":[{"href":"https:\/\/sireggeotech.it\/es\/wp-json\/wp\/v2\/pages\/8364","targetHints":{"allow":["GET"]}}],"collection":[{"href":"https:\/\/sireggeotech.it\/es\/wp-json\/wp\/v2\/pages"}],"about":[{"href":"https:\/\/sireggeotech.it\/es\/wp-json\/wp\/v2\/types\/page"}],"author":[{"embeddable":true,"href":"https:\/\/sireggeotech.it\/es\/wp-json\/wp\/v2\/users\/2"}],"replies":[{"embeddable":true,"href":"https:\/\/sireggeotech.it\/es\/wp-json\/wp\/v2\/comments?post=8364"}],"version-history":[{"count":4,"href":"https:\/\/sireggeotech.it\/es\/wp-json\/wp\/v2\/pages\/8364\/revisions"}],"predecessor-version":[{"id":8368,"href":"https:\/\/sireggeotech.it\/es\/wp-json\/wp\/v2\/pages\/8364\/revisions\/8368"}],"wp:attachment":[{"href":"https:\/\/sireggeotech.it\/es\/wp-json\/wp\/v2\/media?parent=8364"}],"curies":[{"name":"wp","href":"https:\/\/api.w.org\/{rel}","templated":true}]}}