{"id":8667,"date":"2025-09-19T15:38:59","date_gmt":"2025-09-19T15:38:59","guid":{"rendered":"https:\/\/sireggeotech.it\/consulenza-ingegneria-civile\/"},"modified":"2025-12-01T14:42:05","modified_gmt":"2025-12-01T14:42:05","slug":"consultoria-geotecnica","status":"publish","type":"page","link":"https:\/\/sireggeotech.it\/es\/consultoria-geotecnica\/","title":{"rendered":"Servicios de Consultor\u00eda y Asistencia T\u00e9cnica"},"content":{"rendered":"<div class=\"wpb-content-wrapper\"><p>[vc_row full_width=&#8221;stretch_row_content_no_spaces&#8221; el_class=&#8221;header&#8221; css=&#8221;.vc_custom_1754497309744{margin-top: 0px !important;margin-bottom: 0px !important;padding-top: 0px !important;padding-bottom: 0px !important;}&#8221;][vc_column][vc_single_image image=&#8221;8669&#8243; img_size=&#8221;full&#8221; alignment=&#8221;center&#8221; css=&#8221;&#8221;][\/vc_column][\/vc_row][vc_row full_width=&#8221;stretch_row_content_no_spaces&#8221; css=&#8221;.vc_custom_1754557662909{margin-top: 0px !important;margin-bottom: 0px !important;padding-top: 0px !important;padding-bottom: 0px !important;}&#8221;][vc_column css=&#8221;.vc_custom_1754557657911{margin-bottom: 0px !important;padding-bottom: 0px !important;}&#8221;][vc_column_text css=&#8221;.vc_custom_1754557671253{margin-bottom: 0px !important;}&#8221;]<div class=\"breadcrumbs\">\r\n\t<nav class=\"breadcrumbs\">\r\n\t\t<a href=\"\"https:\/\/sireggeotech.it \/>Home<\/a> &raquo;\r\n\t\tServicios de Consultor\u00eda y Asistencia T\u00e9cnica\t<\/nav>\r\n<\/div>[\/vc_column_text][\/vc_column][\/vc_row][vc_row el_id=&#8221;box_consulenza&#8221;][vc_column css=&#8221;.vc_custom_1758299758510{padding-top: 60px !important;padding-bottom: 60px !important;}&#8221;][vc_custom_heading text=&#8221;Servicios de Consultor\u00eda<br \/>\ny Asistencia T\u00e9cnica&#8221; font_container=&#8221;tag:h2|font_size:55|text_align:center|color:%23244C5A&#8221; google_fonts=&#8221;font_family:Lato%3A100%2C100italic%2C300%2C300italic%2Cregular%2Citalic%2C700%2C700italic%2C900%2C900italic|font_style:700%20bold%20regular%3A700%3Anormal&#8221; css=&#8221;&#8221; el_id=&#8221;titolo_principale_consulenza&#8221;][vc_column_text css=&#8221;&#8221; el_class=&#8221;sub_title weight_500&#8243; el_id=&#8221;sub_title_consulenza&#8221;]<\/p>\n<p style=\"text-align: center;\">Soporte integral del Departamento T\u00e9cnico de Sireg,<br \/>\ndesde el dise\u00f1o hasta la ejecuci\u00f3n.<\/p>\n<p>[\/vc_column_text][vc_column_text css=&#8221;&#8221;]<\/p>\n<p style=\"text-align: center;\"><span style=\"font-weight: 400;\">Con m\u00e1s de <\/span><b>85 a\u00f1os de experiencia<\/b><span style=\"font-weight: 400;\"> en el sector, <\/span><b>Sireg Geotech<\/b><span style=\"font-weight: 400;\"> ofrece una gama completa de servicios de <\/span><b>consultor\u00eda t\u00e9cnica y asistencia especializada<\/b><span style=\"font-weight: 400;\"> en ingenier\u00eda civil y geot\u00e9cnica, apoyando a dise\u00f1adores, contratistas y clientes en todas las etapas del proyecto.<\/span><\/p>\n<p>[\/vc_column_text][\/vc_column][\/vc_row][vc_row full_width=&#8221;stretch_row_content_no_spaces&#8221; css=&#8221;.vc_custom_1764600127395{margin-top: 0px !important;padding-top: 20px !important;background-image: url(https:\/\/sireggeotech.it\/wp-content\/uploads\/2025\/12\/sireg-geotech-consulting-consulenza-3.jpg?id=9223) !important;background-position: center !important;background-repeat: no-repeat !important;background-size: cover !important;}&#8221; el_id=&#8221;box_consulenza&#8221;][vc_column css=&#8221;.vc_custom_1758894390928{padding-top: 80px !important;padding-bottom: 80px !important;}&#8221;][vc_column_text css=&#8221;.vc_custom_1763568625807{margin-top: 0px !important;margin-bottom: 0px !important;padding-top: 0px !important;}&#8221; el_class=&#8221;sub_title weight_500&#8243; el_id=&#8221;second_titolo_principale_consulenza&#8221;]<\/p>\n<h2 style=\"text-align: center;\"><span style=\"color: #ffffff;\">Consultor\u00eda en Ingenier\u00eda Civil <\/span><br \/>\n<span style=\"color: #ffffff;\">y Geot\u00e9cnica<\/span><\/h2>\n<p>[\/vc_column_text][vc_column_text css=&#8221;.vc_custom_1763568956340{margin-top: 0px !important;padding-top: 0px !important;}&#8221; el_class=&#8221;elenco_puntato&#8221;]<\/p>\n<p style=\"text-align: center;\"><span style=\"color: #ffffff;\">Nuestro Departamento T\u00e9cnico est\u00e1 disponible para asistir a proyectistas e ingenieros con:<\/span><\/p>\n<p style=\"text-align: center;\"><span style=\"color: #ffffff;\">\u2022 Soporte t\u00e9cnico personalizado en todas las fases del proceso de dise\u00f1o<br \/>\n<\/span><span style=\"color: #ffffff;\">\u2022 Informes de c\u00e1lculo basados en las principales normas y directrices internacionales<\/span><br \/>\n<span style=\"color: #ffffff;\">\u2022 An\u00e1lisis de costes, especificaciones t\u00e9cnicas y planos de dise\u00f1o a medida<\/span><\/p>\n<p>[\/vc_column_text][\/vc_column][\/vc_row][vc_row css=&#8221;.vc_custom_1762174538641{margin-top: 50px !important;padding-top: 20px !important;}&#8221; el_id=&#8221;box_consulenza&#8221;][vc_column][vc_column_text css=&#8221;.vc_custom_1763568698687{margin-top: 0px !important;margin-bottom: 0px !important;padding-top: 0px !important;}&#8221; el_class=&#8221;sub_title weight_500&#8243; el_id=&#8221;second_titolo_principale_consulenza&#8221;]<\/p>\n<h2 style=\"text-align: center;\">Asistencia T\u00e9cnica en Obra<\/h2>\n<p>[\/vc_column_text][vc_column_text css=&#8221;.vc_custom_1763568730892{margin-top: 0px !important;padding-top: 0px !important;}&#8221; el_class=&#8221;elenco_puntato&#8221;]<\/p>\n<p style=\"text-align: center;\">Tambi\u00e9n ofrecemos soporte en campo para garantizar la correcta y eficiente instalaci\u00f3n de nuestros productos:<\/p>\n<p style=\"text-align: center;\">\u2022 Asistencia t\u00e9cnica en obra durante las fases de montaje e instalaci\u00f3n<br \/>\n\u2022 Servicios de consultor\u00eda para la gesti\u00f3n de las etapas m\u00e1s cr\u00edticas de la ejecuci\u00f3n del proyecto<\/p>\n<p>[\/vc_column_text][\/vc_column][\/vc_row][vc_row full_width=&#8221;stretch_row_content_no_spaces&#8221; full_height=&#8221;yes&#8221; content_placement=&#8221;middle&#8221; css=&#8221;.vc_custom_1762172031981{margin-top: 50px !important;padding-top: 20px !important;}&#8221; min_height=&#8221;300px&#8221; el_id=&#8221;immagine_consulenza&#8221;][vc_column][vc_single_image image=&#8221;8670&#8243; img_size=&#8221;full&#8221; alignment=&#8221;center&#8221; css=&#8221;&#8221;][\/vc_column][\/vc_row][vc_row css=&#8221;.vc_custom_1762174548332{margin-top: 50px !important;padding-top: 20px !important;}&#8221; el_id=&#8221;box_consulenza&#8221;][vc_column][vc_column_text css=&#8221;.vc_custom_1763568743957{margin-top: 0px !important;margin-bottom: 0px !important;padding-top: 0px !important;}&#8221; el_class=&#8221;sub_title weight_500&#8243; el_id=&#8221;second_titolo_principale_consulenza&#8221;]<\/p>\n<h2 style=\"text-align: center;\">Principales \u00c1reas de Aplicaci\u00f3n<\/h2>\n<p>[\/vc_column_text][vc_row_inner el_class=&#8221;links&#8221; el_id=&#8221;box_consulenza&#8221;][vc_column_inner][vc_column_text css=&#8221;.vc_custom_1763569230177{margin-top: 0px !important;padding-top: 0px !important;}&#8221; el_class=&#8221;elenco_puntato&#8221;]<\/p>\n<p style=\"text-align: center;\">A lo largo de los a\u00f1os, Sireg Geotech se ha distinguido en proyectos complejos y de relevancia internacional en las siguientes \u00e1reas principales de aplicaci\u00f3n:<\/p>\n<p style=\"text-align: center;\">\u2022 <a href=\"https:\/\/sireggeotech.it\/es\/aplicaciones\/refuerzo-estructuras-hormigon-armado\/\">REFUERZO DE ESTRUCTURAS DE HORMIGON ARMADO<\/a><br \/>\n\u2022 <a href=\"https:\/\/sireggeotech.it\/es\/aplicaciones\/rehabilitacion-de-tuneles\/\">REHABILITACI\u00d3N DE EDIFICIOS Y RESTAURACI\u00d3N PATRIMONIO<\/a><br \/>\n\u2022 <a href=\"https:\/\/sireggeotech.it\/es\/aplicaciones\/construccion-de-tuneles\/\">CONSTRUCCI\u00d3N DE T\u00daNELES<\/a><br \/>\n\u2022 <a href=\"https:\/\/sireggeotech.it\/es\/aplicaciones\/rehabilitacion-de-tuneles\/\">REHABILITACI\u00d3N DE T\u00daNELES<\/a><br \/>\n\u2022 <a href=\"https:\/\/sireggeotech.it\/es\/aplicaciones\/cimentaciones-especiales-consolidacion-de-terrenos\/\">CIMENTACIONES ESPECIALES Y CONSOLIDACI\u00d3N DE TERRENOS<\/a><br \/>\n\u2022 <a href=\"https:\/\/sireggeotech.it\/es\/aplicaciones\/presas-hidraulicas-proyectos-hidroelectricos\/\">PRESAS HIDR\u00c1ULICAS ET PROYECTOS HIDROEL\u00c9CTRICOS<\/a><br \/>\n\u2022 <a href=\"https:\/\/sireggeotech.it\/es\/aplicaciones\/monitoreo-estructural-obra-civil\/\">MONITOREO ESTRUCTURAL DE OBRAS Y INFRAESTRUCTURAS CIVIL<\/a><\/p>\n<p>[\/vc_column_text][\/vc_column_inner][\/vc_row_inner][\/vc_column][\/vc_row][vc_row full_width=&#8221;stretch_row&#8221; css=&#8221;.vc_custom_1762174566813{margin-top: 50px !important;padding-top: 20px !important;background-color: #9BADB56E !important;}&#8221; el_id=&#8221;box_consulenza&#8221;][vc_column css=&#8221;.vc_custom_1758896054235{padding-top: 50px !important;padding-bottom: 50px !important;}&#8221;][vc_column_text css=&#8221;.vc_custom_1763568771955{margin-top: 0px !important;margin-bottom: 0px !important;padding-top: 0px !important;}&#8221; el_class=&#8221;sub_title weight_500&#8243; el_id=&#8221;second_titolo_principale_consulenza&#8221;]<\/p>\n<h2 style=\"text-align: center;\"><strong>Soluciones a Medida<\/strong><\/h2>\n<p>[\/vc_column_text][vc_empty_space][vc_column_text css=&#8221;.vc_custom_1763568818325{margin-top: 0px !important;padding-top: 0px !important;}&#8221; el_class=&#8221;elenco_puntato&#8221;]<\/p>\n<h5 style=\"text-align: center;\"><strong>Cada proyecto es \u00fanico<\/strong>: por eso ofrecemos soluciones t\u00e9cnicas personalizadas, dise\u00f1adas espec\u00edficamente<br \/>\npara satisfacer las necesidades individuales de cada cliente o proyectista.<\/h5>\n<p>[\/vc_column_text][vc_empty_space height=&#8221;16px&#8221;][vc_column_text css=&#8221;.vc_custom_1763568863588{margin-top: 0px !important;padding-top: 0px !important;}&#8221; el_class=&#8221;elenco_puntato&#8221;]<\/p>\n<h5 style=\"text-align: center;\">Con <strong>m\u00e1s de 85 a\u00f1os de experiencia<\/strong>, identificamos el enfoque m\u00e1s eficaz y sostenible<br \/>\npara cada desaf\u00edo de ingenier\u00eda.<\/h5>\n<p>[\/vc_column_text][\/vc_column][\/vc_row][vc_row css=&#8221;.vc_custom_1762174575249{margin-top: 0px !important;padding-top: 20px !important;}&#8221; el_id=&#8221;box_consulenza&#8221;][vc_column][vc_column_text css=&#8221;.vc_custom_1763568878395{margin-top: 50px !important;margin-bottom: 0px !important;padding-top: 0px !important;}&#8221; el_class=&#8221;sub_title weight_500&#8243;]<\/p>\n<p class=\"cta\"><strong>Cont\u00e1ctenos para hablar de su proyecto; nuestro equipo le ayudar\u00e1 a encontrar la soluci\u00f3n m\u00e1s adecuada.<\/strong><\/p>\n<p>[\/vc_column_text][vc_empty_space][vc_column_text css=&#8221;&#8221; el_class=&#8221;form_contact&#8221;]\n<div class=\"wpcf7 no-js\" id=\"wpcf7-f8108-o1\" lang=\"es-ES\" dir=\"ltr\" data-wpcf7-id=\"8108\">\n<div class=\"screen-reader-response\"><p role=\"status\" aria-live=\"polite\" aria-atomic=\"true\"><\/p> <ul><\/ul><\/div>\n<form action=\"\/es\/wp-json\/wp\/v2\/pages\/8667#wpcf7-f8108-o1\" method=\"post\" class=\"wpcf7-form init\" aria-label=\"Formulario de contacto\" novalidate=\"novalidate\" data-status=\"init\">\n<fieldset class=\"hidden-fields-container\"><input type=\"hidden\" name=\"_wpcf7\" value=\"8108\" \/><input type=\"hidden\" name=\"_wpcf7_version\" value=\"6.1.4\" \/><input type=\"hidden\" name=\"_wpcf7_locale\" value=\"es_ES\" \/><input type=\"hidden\" name=\"_wpcf7_unit_tag\" value=\"wpcf7-f8108-o1\" \/><input type=\"hidden\" name=\"_wpcf7_container_post\" value=\"0\" \/><input type=\"hidden\" name=\"_wpcf7_posted_data_hash\" value=\"\" \/><input type=\"hidden\" name=\"_wpcf7_recaptcha_response\" value=\"\" \/>\n<\/fieldset>\n<div class=\"riga3\">\n\t<p><span class=\"wpcf7-form-control-wrap\" data-name=\"nome\"><input size=\"40\" maxlength=\"400\" class=\"wpcf7-form-control wpcf7-text wpcf7-validates-as-required\" aria-required=\"true\" aria-invalid=\"false\" placeholder=\"Nombre*\" value=\"\" type=\"text\" name=\"nome\" \/><\/span>\n\t<\/p>\n\t<p><span class=\"wpcf7-form-control-wrap\" data-name=\"cognome\"><input size=\"40\" maxlength=\"400\" class=\"wpcf7-form-control wpcf7-text wpcf7-validates-as-required\" aria-required=\"true\" aria-invalid=\"false\" placeholder=\"Apellidos*\" value=\"\" type=\"text\" name=\"cognome\" \/><\/span>\n\t<\/p>\n\t<p><span class=\"wpcf7-form-control-wrap\" data-name=\"telefono\"><input size=\"40\" maxlength=\"400\" class=\"wpcf7-form-control wpcf7-tel wpcf7-text wpcf7-validates-as-tel\" aria-invalid=\"false\" placeholder=\"Tel\u00e9fono\" value=\"\" type=\"tel\" name=\"telefono\" \/><\/span>\n\t<\/p>\n<\/div>\n<div class=\"riga3\">\n\t<p><span class=\"wpcf7-form-control-wrap\" data-name=\"email\"><input size=\"40\" maxlength=\"400\" class=\"wpcf7-form-control wpcf7-email wpcf7-validates-as-required wpcf7-text wpcf7-validates-as-email\" aria-required=\"true\" aria-invalid=\"false\" placeholder=\"Correo electr\u00f3nico*\" value=\"\" type=\"email\" name=\"email\" \/><\/span>\n\t<\/p>\n\t<p><span class=\"wpcf7-form-control-wrap\" data-name=\"societa\"><input size=\"40\" maxlength=\"400\" class=\"wpcf7-form-control wpcf7-text wpcf7-validates-as-required\" aria-required=\"true\" aria-invalid=\"false\" placeholder=\"Empresa*\" value=\"\" type=\"text\" name=\"societa\" \/><\/span>\n\t<\/p>\n\t<p><span class=\"wpcf7-form-control-wrap\" data-name=\"professione\"><select class=\"wpcf7-form-control wpcf7-select wpcf7-validates-as-required\" aria-required=\"true\" aria-invalid=\"false\" name=\"professione\"><option value=\"\">Seleccionar un cargo*<\/option><option value=\"Oficina T\u00e9cnica \/ Estudio de Dise\u00f1o\">Oficina T\u00e9cnica \/ Estudio de Dise\u00f1o<\/option><option value=\"Departamento de Ventas\">Departamento de Ventas<\/option><option value=\"Universidad\">Universidad<\/option><option value=\"Otro\">Otro<\/option><\/select><\/span>\n\t<\/p>\n<\/div>\n<div class=\"riga1\">\n\t<p><span class=\"wpcf7-form-control-wrap\" data-name=\"messaggio\"><textarea cols=\"40\" rows=\"10\" maxlength=\"2000\" class=\"wpcf7-form-control wpcf7-textarea wpcf7-validates-as-required\" aria-required=\"true\" aria-invalid=\"false\" placeholder=\"Mensaje*\" name=\"messaggio\"><\/textarea><\/span>\n\t<\/p>\n\t<p class=\"privacy\"><span class=\"wpcf7-form-control-wrap\" data-name=\"privacy\"><span class=\"wpcf7-form-control wpcf7-acceptance\"><span class=\"wpcf7-list-item\"><label><input type=\"checkbox\" name=\"privacy\" value=\"1\" aria-invalid=\"false\" \/><span class=\"wpcf7-list-item-label\">Al enviar este formulario, doy mi consentimiento para el tratamiento de mis datos \u00fanicamente para la solicitud en cuesti\u00f3n. Consentimiento expl\u00edcito seg\u00fan el RGPD 679-2016.<\/span><\/label><\/span><\/span><\/span>\n\t<\/p>\n\t<p class=\"privacy\"><span class=\"wpcf7-form-control-wrap\" data-name=\"newsletter\"><span class=\"wpcf7-form-control wpcf7-checkbox\"><span class=\"wpcf7-list-item first last\"><label><input type=\"checkbox\" name=\"newsletter[]\" value=\"Suscr\u00edbeme al bolet\u00edn informativo de Sireg.\" \/><span class=\"wpcf7-list-item-label\">Suscr\u00edbeme al bolet\u00edn informativo de Sireg.<\/span><\/label><\/span><\/span><\/span>\n\t<\/p>\n\t<p><input class=\"wpcf7-form-control wpcf7-submit has-spinner\" type=\"submit\" value=\"Enviar\" \/>\n\t<\/p>\n<\/div><div class=\"wpcf7-response-output\" aria-hidden=\"true\"><\/div>\n<\/form>\n<\/div>\n[\/vc_column_text][\/vc_column][\/vc_row]<\/p>\n<\/div>","protected":false},"excerpt":{"rendered":"<p>[vc_row full_width=&#8221;stretch_row_content_no_spaces&#8221; el_class=&#8221;header&#8221; css=&#8221;.vc_custom_1754497309744{margin-top: 0px !important;margin-bottom: 0px !important;padding-top: 0px !important;padding-bottom: 0px !important;}&#8221;][vc_column][vc_single_image image=&#8221;8669&#8243; img_size=&#8221;full&#8221; alignment=&#8221;center&#8221; css=&#8221;&#8221;][\/vc_column][\/vc_row][vc_row full_width=&#8221;stretch_row_content_no_spaces&#8221; css=&#8221;.vc_custom_1754557662909{margin-top: 0px !important;margin-bottom: 0px !important;padding-top: 0px !important;padding-bottom: 0px !important;}&#8221;][vc_column css=&#8221;.vc_custom_1754557657911{margin-bottom: 0px !important;padding-bottom: 0px !important;}&#8221;][vc_column_text css=&#8221;.vc_custom_1754557671253{margin-bottom: 0px !important;}&#8221;][\/vc_column_text][\/vc_column][\/vc_row][vc_row el_id=&#8221;box_consulenza&#8221;][vc_column css=&#8221;.vc_custom_1758299758510{padding-top: 60px !important;padding-bottom: 60px !important;}&#8221;][vc_custom_heading text=&#8221;Servicios de Consultor\u00eda y Asistencia T\u00e9cnica&#8221; font_container=&#8221;tag:h2|font_size:55|text_align:center|color:%23244C5A&#8221; google_fonts=&#8221;font_family:Lato%3A100%2C100italic%2C300%2C300italic%2Cregular%2Citalic%2C700%2C700italic%2C900%2C900italic|font_style:700%20bold%20regular%3A700%3Anormal&#8221; css=&#8221;&#8221; el_id=&#8221;titolo_principale_consulenza&#8221;][vc_column_text css=&#8221;&#8221; el_class=&#8221;sub_title weight_500&#8243; el_id=&#8221;sub_title_consulenza&#8221;] Soporte [&hellip;]<\/p>\n","protected":false},"author":2,"featured_media":0,"parent":0,"menu_order":0,"comment_status":"closed","ping_status":"closed","template":"","meta":{"_acf_changed":false,"inline_featured_image":false,"footnotes":""},"class_list":["post-8667","page","type-page","status-publish","hentry"],"acf":[],"_links":{"self":[{"href":"https:\/\/sireggeotech.it\/es\/wp-json\/wp\/v2\/pages\/8667","targetHints":{"allow":["GET"]}}],"collection":[{"href":"https:\/\/sireggeotech.it\/es\/wp-json\/wp\/v2\/pages"}],"about":[{"href":"https:\/\/sireggeotech.it\/es\/wp-json\/wp\/v2\/types\/page"}],"author":[{"embeddable":true,"href":"https:\/\/sireggeotech.it\/es\/wp-json\/wp\/v2\/users\/2"}],"replies":[{"embeddable":true,"href":"https:\/\/sireggeotech.it\/es\/wp-json\/wp\/v2\/comments?post=8667"}],"version-history":[{"count":8,"href":"https:\/\/sireggeotech.it\/es\/wp-json\/wp\/v2\/pages\/8667\/revisions"}],"predecessor-version":[{"id":9225,"href":"https:\/\/sireggeotech.it\/es\/wp-json\/wp\/v2\/pages\/8667\/revisions\/9225"}],"wp:attachment":[{"href":"https:\/\/sireggeotech.it\/es\/wp-json\/wp\/v2\/media?parent=8667"}],"curies":[{"name":"wp","href":"https:\/\/api.w.org\/{rel}","templated":true}]}}