{"id":5612,"date":"2025-09-19T15:38:59","date_gmt":"2025-09-19T15:38:59","guid":{"rendered":"https:\/\/sireggeotech.it\/consulenza-ingegneria-civile\/"},"modified":"2025-12-01T14:40:04","modified_gmt":"2025-12-01T14:40:04","slug":"consultants-en-geotechnique","status":"publish","type":"page","link":"https:\/\/sireggeotech.it\/fr\/consultants-en-geotechnique\/","title":{"rendered":"Services de Conseil et d\u2019Assistance Technique"},"content":{"rendered":"<div class=\"wpb-content-wrapper\"><p>[vc_row full_width=&#8221;stretch_row_content_no_spaces&#8221; el_class=&#8221;header&#8221; css=&#8221;.vc_custom_1754497309744{margin-top: 0px !important;margin-bottom: 0px !important;padding-top: 0px !important;padding-bottom: 0px !important;}&#8221;][vc_column][vc_single_image image=&#8221;5614&#8243; img_size=&#8221;full&#8221; alignment=&#8221;center&#8221; css=&#8221;&#8221;][\/vc_column][\/vc_row][vc_row full_width=&#8221;stretch_row_content_no_spaces&#8221; css=&#8221;.vc_custom_1754557662909{margin-top: 0px !important;margin-bottom: 0px !important;padding-top: 0px !important;padding-bottom: 0px !important;}&#8221;][vc_column css=&#8221;.vc_custom_1754557657911{margin-bottom: 0px !important;padding-bottom: 0px !important;}&#8221;][vc_column_text css=&#8221;.vc_custom_1754557671253{margin-bottom: 0px !important;}&#8221;]<div class=\"breadcrumbs\">\r\n\t<nav class=\"breadcrumbs\">\r\n\t\t<a href=\"\"https:\/\/sireggeotech.it \/>Home<\/a> &raquo;\r\n\t\tServices de Conseil et d\u2019Assistance Technique\t<\/nav>\r\n<\/div>[\/vc_column_text][\/vc_column][\/vc_row][vc_row el_id=&#8221;box_consulenza&#8221;][vc_column css=&#8221;.vc_custom_1758299758510{padding-top: 60px !important;padding-bottom: 60px !important;}&#8221;][vc_custom_heading text=&#8221;Services de Conseil<br \/>\net d\u2019Assistance Technique&#8221; font_container=&#8221;tag:h2|font_size:55|text_align:center|color:%23244C5A&#8221; google_fonts=&#8221;font_family:Lato%3A100%2C100italic%2C300%2C300italic%2Cregular%2Citalic%2C700%2C700italic%2C900%2C900italic|font_style:700%20bold%20regular%3A700%3Anormal&#8221; css=&#8221;&#8221; el_id=&#8221;titolo_principale_consulenza&#8221;][vc_column_text css=&#8221;&#8221; el_class=&#8221;sub_title weight_500&#8243; el_id=&#8221;sub_title_consulenza&#8221;]<\/p>\n<p style=\"text-align: center;\">Un accompagnement complet du d\u00e9partement technique de Sireg,<br \/>\nde la conception \u00e0 la r\u00e9alisation<\/p>\n<p>[\/vc_column_text][vc_column_text css=&#8221;&#8221;]<\/p>\n<p style=\"text-align: center;\">Fort de plus de <strong>85 ans d\u2019exp\u00e9rience, Sireg Geotech<\/strong> propose une <strong>gamme compl\u00e8te de services de conseil technique et d\u2019assistance sp\u00e9cialis\u00e9e<\/strong> en g\u00e9nie civil et g\u00e9otechnique, accompagnant concepteurs, entrepreneurs et clients \u00e0 chaque \u00e9tape d\u2019un projet. En tant que consultants en g\u00e9otechnique et en g\u00e9nie civil, nous mettons \u00e0 disposition une expertise reconnue pour des solutions fiables et durables.<\/p>\n<p>[\/vc_column_text][\/vc_column][\/vc_row][vc_row full_width=&#8221;stretch_row_content_no_spaces&#8221; css=&#8221;.vc_custom_1764600007862{margin-top: 0px !important;padding-top: 20px !important;background-image: url(https:\/\/sireggeotech.it\/wp-content\/uploads\/2025\/12\/sireg-geotech-consulting-consulenza-2.jpg?id=9218) !important;background-position: center !important;background-repeat: no-repeat !important;background-size: cover !important;}&#8221; el_id=&#8221;box_consulenza&#8221;][vc_column css=&#8221;.vc_custom_1758894390928{padding-top: 80px !important;padding-bottom: 80px !important;}&#8221;][vc_column_text css=&#8221;.vc_custom_1762938612628{margin-top: 0px !important;margin-bottom: 0px !important;padding-top: 0px !important;}&#8221; el_class=&#8221;sub_title weight_500&#8243; el_id=&#8221;second_titolo_principale_consulenza&#8221;]<\/p>\n<h2 style=\"text-align: center;\"><span style=\"color: #ffffff;\">Conseil en G\u00e9nie Civil <\/span><br \/>\n<span style=\"color: #ffffff;\">et G\u00e9otechnique<\/span><\/h2>\n<p>[\/vc_column_text][vc_column_text css=&#8221;.vc_custom_1762938673234{margin-top: 0px !important;padding-top: 0px !important;}&#8221; el_class=&#8221;elenco_puntato&#8221;]<\/p>\n<p style=\"text-align: center;\"><span style=\"color: #ffffff;\">Notre <strong>D\u00e9partement Technique<\/strong> accompagne les concepteurs et ing\u00e9nieurs avec :<\/span><\/p>\n<p style=\"text-align: center;\"><span style=\"color: #ffffff;\">\u2022 <strong>Support technique sur mesure<\/strong> \u00e0 toutes les \u00e9tapes du processus de conception<\/span><br \/>\n<span style=\"color: #ffffff;\">\u2022 <strong>Rapports de calcul<\/strong> conformes aux principales normes et directives internationales<\/span><br \/>\n<span style=\"color: #ffffff;\">\u2022 <strong>Analyses de co\u00fbts, cahiers des charges et plans de conception personnalis\u00e9s<\/strong><\/span><\/p>\n<p>[\/vc_column_text][\/vc_column][\/vc_row][vc_row css=&#8221;.vc_custom_1762174538641{margin-top: 50px !important;padding-top: 20px !important;}&#8221; el_id=&#8221;box_consulenza&#8221;][vc_column][vc_column_text css=&#8221;.vc_custom_1762938731146{margin-top: 0px !important;margin-bottom: 0px !important;padding-top: 0px !important;}&#8221; el_class=&#8221;sub_title weight_500&#8243; el_id=&#8221;second_titolo_principale_consulenza&#8221;]<\/p>\n<h2 style=\"text-align: center;\">Assistance Technique sur Site<\/h2>\n<p>[\/vc_column_text][vc_column_text css=&#8221;.vc_custom_1762938770169{margin-top: 0px !important;padding-top: 0px !important;}&#8221; el_class=&#8221;elenco_puntato&#8221;]<\/p>\n<p style=\"text-align: center;\">Nous proposons \u00e9galement un support sur le terrain pour garantir l\u2019installation correcte et efficace de nos produits :<\/p>\n<p style=\"text-align: center;\">\u2022 <strong>Assistance technique sur site<\/strong> lors des phases de montage et d\u2019installation<br \/>\n\u2022 <strong>Services de conseil<\/strong> pour g\u00e9rer les \u00e9tapes les plus critiques de l\u2019ex\u00e9cution du projet, gr\u00e2ce \u00e0 notre expertise g\u00e9otechnique et notre expertise en g\u00e9nie civil<\/p>\n<p>[\/vc_column_text][\/vc_column][\/vc_row][vc_row full_width=&#8221;stretch_row_content_no_spaces&#8221; full_height=&#8221;yes&#8221; content_placement=&#8221;middle&#8221; css=&#8221;.vc_custom_1762172031981{margin-top: 50px !important;padding-top: 20px !important;}&#8221; min_height=&#8221;300px&#8221; el_id=&#8221;immagine_consulenza&#8221;][vc_column][vc_single_image image=&#8221;5615&#8243; img_size=&#8221;full&#8221; alignment=&#8221;center&#8221; css=&#8221;&#8221;][\/vc_column][\/vc_row][vc_row css=&#8221;.vc_custom_1762174548332{margin-top: 50px !important;padding-top: 20px !important;}&#8221; el_id=&#8221;box_consulenza&#8221;][vc_column][vc_column_text css=&#8221;.vc_custom_1762938784240{margin-top: 0px !important;margin-bottom: 0px !important;padding-top: 0px !important;}&#8221; el_class=&#8221;sub_title weight_500&#8243; el_id=&#8221;second_titolo_principale_consulenza&#8221;]<\/p>\n<h2 style=\"text-align: center;\">Principaux Domaines d\u2019Application<\/h2>\n<p>[\/vc_column_text][vc_row_inner el_class=&#8221;links&#8221; el_id=&#8221;box_consulenza&#8221;][vc_column_inner][vc_column_text css=&#8221;.vc_custom_1762941100089{margin-top: 0px !important;padding-top: 0px !important;}&#8221; el_class=&#8221;elenco_puntato&#8221;]<span style=\"font-weight: 400;\">Au fil des ann\u00e9es, <\/span><b>Sireg Geotech<\/b><span style=\"font-weight: 400;\"> s\u2019est distingu\u00e9e dans des projets <\/span><b>complexes et \u00e0 port\u00e9e internationale<\/b><span style=\"font-weight: 400;\"> dans les principaux domaines suivants :<\/span><\/p>\n<p style=\"text-align: center;\">\u2022 <a href=\"https:\/\/sireggeotech.it\/fr\/applications\/renforcement-structures-beton-arme\/\">RENFORCEMENT DE STRUCTURES EN B\u00c9TON ARM\u00c9<\/a><br \/>\n\u2022 <a href=\"https:\/\/sireggeotech.it\/fr\/applications\/restauration-du-patrimoine\/\">RESTAURATION DU PATRIMOINE ET R\u00c9NOVATION B\u00c2TIMENT<\/a><br \/>\n\u2022 <a href=\"https:\/\/sireggeotech.it\/fr\/applications\/excavation-tunnel\/\">EXCAVATION TUNNEL<\/a><br \/>\n\u2022 <a href=\"https:\/\/sireggeotech.it\/fr\/applications\/rehabilitation-de-tunnel\/\">R\u00c9HABILITATION DE TUNNEL<\/a><br \/>\n\u2022 <a href=\"https:\/\/sireggeotech.it\/fr\/applications\/fondations-speciales-consolidation-sol\/\">FONDATIONS SP\u00c9CIALES ET CONSOLIDATION DE SOL<\/a><br \/>\n\u2022 <a href=\"https:\/\/sireggeotech.it\/fr\/applications\/construction-barrages-hydroelectrique\/\">CONSTRUCTION BARRAGES HYDRO\u00c9LECTRIQUE ET OUVRAGES HYDRAULIQUES<\/a><br \/>\n\u2022 <a href=\"https:\/\/sireggeotech.it\/fr\/applications\/surveillance-ouvrages-monitoring-structure\/\">SURVEILLANCE OUVRAGES ET MONITORING DES STRUCTURES ET INFRASTRUCTURES<\/a><\/p>\n<p>[\/vc_column_text][\/vc_column_inner][\/vc_row_inner][\/vc_column][\/vc_row][vc_row full_width=&#8221;stretch_row&#8221; css=&#8221;.vc_custom_1762174566813{margin-top: 50px !important;padding-top: 20px !important;background-color: #9BADB56E !important;}&#8221; el_id=&#8221;box_consulenza&#8221;][vc_column css=&#8221;.vc_custom_1758896054235{padding-top: 50px !important;padding-bottom: 50px !important;}&#8221;][vc_column_text css=&#8221;.vc_custom_1762940358897{margin-top: 0px !important;margin-bottom: 0px !important;padding-top: 0px !important;}&#8221; el_class=&#8221;sub_title weight_500&#8243; el_id=&#8221;second_titolo_principale_consulenza&#8221;]<\/p>\n<h2 style=\"text-align: center;\"><strong>Solutions Sur Mesure<\/strong><\/h2>\n<p>[\/vc_column_text][vc_empty_space][vc_column_text css=&#8221;.vc_custom_1762940459655{margin-top: 0px !important;padding-top: 0px !important;}&#8221; el_class=&#8221;elenco_puntato&#8221;]<\/p>\n<h5 style=\"text-align: center;\"><strong>Chaque projet est unique <\/strong>: c\u2019est pourquoi nous proposons des <strong>solutions techniques personnalis\u00e9es<\/strong> , con\u00e7ues pour r\u00e9pondre aux besoins sp\u00e9cifiques de chaque client ou concepteur.<\/h5>\n<p>[\/vc_column_text][vc_empty_space height=&#8221;16px&#8221;][vc_column_text css=&#8221;.vc_custom_1762940521009{margin-top: 0px !important;padding-top: 0px !important;}&#8221; el_class=&#8221;elenco_puntato&#8221;]<\/p>\n<h5 style=\"text-align: center;\">Fort de plus de 85 ans d\u2019expertise g\u00e9otechnique et en g\u00e9nie civil, nous identifions <strong>l\u2019approche la plus efficace et durable<\/strong>pour chaque d\u00e9fi d\u2019ing\u00e9nierie.<\/h5>\n<p>[\/vc_column_text][\/vc_column][\/vc_row][vc_row css=&#8221;.vc_custom_1762174575249{margin-top: 0px !important;padding-top: 20px !important;}&#8221; el_id=&#8221;box_consulenza&#8221;][vc_column][vc_column_text css=&#8221;.vc_custom_1762940558640{margin-top: 50px !important;margin-bottom: 0px !important;padding-top: 0px !important;}&#8221; el_class=&#8221;sub_title weight_500&#8243;]<\/p>\n<p class=\"cta\"><strong><strong>Contactez-nous <\/strong>pour discuter de votre projet : notre \u00e9quipe vous aidera \u00e0 identifier <strong>la solution la mieux adapt\u00e9e<\/strong>.<\/strong><\/p>\n<p>[\/vc_column_text][vc_empty_space][vc_column_text css=&#8221;&#8221; el_class=&#8221;form_contact&#8221;]\n<div class=\"wpcf7 no-js\" id=\"wpcf7-f8105-o1\" lang=\"fr-FR\" dir=\"ltr\" data-wpcf7-id=\"8105\">\n<div class=\"screen-reader-response\"><p role=\"status\" aria-live=\"polite\" aria-atomic=\"true\"><\/p> <ul><\/ul><\/div>\n<form action=\"\/fr\/wp-json\/wp\/v2\/pages\/5612#wpcf7-f8105-o1\" method=\"post\" class=\"wpcf7-form init\" aria-label=\"Formulaire de contact\" novalidate=\"novalidate\" data-status=\"init\">\n<fieldset class=\"hidden-fields-container\"><input type=\"hidden\" name=\"_wpcf7\" value=\"8105\" \/><input type=\"hidden\" name=\"_wpcf7_version\" value=\"6.1.4\" \/><input type=\"hidden\" name=\"_wpcf7_locale\" value=\"fr_FR\" \/><input type=\"hidden\" name=\"_wpcf7_unit_tag\" value=\"wpcf7-f8105-o1\" \/><input type=\"hidden\" name=\"_wpcf7_container_post\" value=\"0\" \/><input type=\"hidden\" name=\"_wpcf7_posted_data_hash\" value=\"\" \/><input type=\"hidden\" name=\"_wpcf7_recaptcha_response\" value=\"\" \/>\n<\/fieldset>\n<div class=\"riga3\">\n\t<p><span class=\"wpcf7-form-control-wrap\" data-name=\"Prenom\"><input size=\"40\" maxlength=\"400\" class=\"wpcf7-form-control wpcf7-text wpcf7-validates-as-required\" aria-required=\"true\" aria-invalid=\"false\" placeholder=\"Pr\u00e9nom*\" value=\"\" type=\"text\" name=\"Prenom\" \/><\/span>\n\t<\/p>\n\t<p><span class=\"wpcf7-form-control-wrap\" data-name=\"Nom\"><input size=\"40\" maxlength=\"400\" class=\"wpcf7-form-control wpcf7-text wpcf7-validates-as-required\" aria-required=\"true\" aria-invalid=\"false\" placeholder=\"Nom*\" value=\"\" type=\"text\" name=\"Nom\" \/><\/span>\n\t<\/p>\n\t<p><span class=\"wpcf7-form-control-wrap\" data-name=\"telefono\"><input size=\"40\" maxlength=\"400\" class=\"wpcf7-form-control wpcf7-tel wpcf7-text wpcf7-validates-as-tel\" aria-invalid=\"false\" placeholder=\"T\u00e9l\u00e9phone\" value=\"\" type=\"tel\" name=\"telefono\" \/><\/span>\n\t<\/p>\n<\/div>\n<div class=\"riga3\">\n\t<p><span class=\"wpcf7-form-control-wrap\" data-name=\"email\"><input size=\"40\" maxlength=\"400\" class=\"wpcf7-form-control wpcf7-email wpcf7-validates-as-required wpcf7-text wpcf7-validates-as-email\" aria-required=\"true\" aria-invalid=\"false\" placeholder=\"E-mail*\" value=\"\" type=\"email\" name=\"email\" \/><\/span>\n\t<\/p>\n\t<p><span class=\"wpcf7-form-control-wrap\" data-name=\"Enterprise\"><input size=\"40\" maxlength=\"400\" class=\"wpcf7-form-control wpcf7-text wpcf7-validates-as-required\" aria-required=\"true\" aria-invalid=\"false\" placeholder=\"Enterprise*\" value=\"\" type=\"text\" name=\"Enterprise\" \/><\/span>\n\t<\/p>\n\t<p><span class=\"wpcf7-form-control-wrap\" data-name=\"profession\"><select class=\"wpcf7-form-control wpcf7-select wpcf7-validates-as-required\" aria-required=\"true\" aria-invalid=\"false\" name=\"profession\"><option value=\"\">S\u00e9lectionner una profession*<\/option><option value=\"Bureau d\u2019\u00e9tudes \/ cabinet de conception\">Bureau d\u2019\u00e9tudes \/ cabinet de conception<\/option><option value=\"Service achats\">Service achats<\/option><option value=\"Universit\u00e9\">Universit\u00e9<\/option><option value=\"Autre\">Autre<\/option><\/select><\/span>\n\t<\/p>\n<\/div>\n<div class=\"riga1\">\n\t<p><span class=\"wpcf7-form-control-wrap\" data-name=\"message\"><textarea cols=\"40\" rows=\"10\" maxlength=\"2000\" class=\"wpcf7-form-control wpcf7-textarea wpcf7-validates-as-required\" aria-required=\"true\" aria-invalid=\"false\" placeholder=\"Message*\" name=\"message\"><\/textarea><\/span>\n\t<\/p>\n\t<p class=\"privacy\"><span class=\"wpcf7-form-control-wrap\" data-name=\"privacy\"><span class=\"wpcf7-form-control wpcf7-acceptance\"><span class=\"wpcf7-list-item\"><label><input type=\"checkbox\" name=\"privacy\" value=\"1\" aria-invalid=\"false\" \/><span class=\"wpcf7-list-item-label\">En envoyant ce formulaire, j'accepte le traitement des donn\u00e9es uniquement pour la demande en question. Consentement explicite conform\u00e9ment au RGPD 679-2016.<\/span><\/label><\/span><\/span><\/span>\n\t<\/p>\n\t<p class=\"privacy\"><span class=\"wpcf7-form-control-wrap\" data-name=\"newsletter\"><span class=\"wpcf7-form-control wpcf7-checkbox\"><span class=\"wpcf7-list-item first last\"><label><input type=\"checkbox\" name=\"newsletter[]\" value=\"Inscrivez-moi \u00e0 la newsletter de Sireg\" \/><span class=\"wpcf7-list-item-label\">Inscrivez-moi \u00e0 la newsletter de Sireg<\/span><\/label><\/span><\/span><\/span>\n\t<\/p>\n\t<p><input class=\"wpcf7-form-control wpcf7-submit has-spinner\" type=\"submit\" value=\"Envoyer\" \/>\n\t<\/p>\n<\/div><div class=\"wpcf7-response-output\" aria-hidden=\"true\"><\/div>\n<\/form>\n<\/div>\n[\/vc_column_text][\/vc_column][\/vc_row]<\/p>\n<\/div>","protected":false},"excerpt":{"rendered":"<p>[vc_row full_width=&#8221;stretch_row_content_no_spaces&#8221; el_class=&#8221;header&#8221; css=&#8221;.vc_custom_1754497309744{margin-top: 0px !important;margin-bottom: 0px !important;padding-top: 0px !important;padding-bottom: 0px !important;}&#8221;][vc_column][vc_single_image image=&#8221;5614&#8243; img_size=&#8221;full&#8221; alignment=&#8221;center&#8221; css=&#8221;&#8221;][\/vc_column][\/vc_row][vc_row full_width=&#8221;stretch_row_content_no_spaces&#8221; css=&#8221;.vc_custom_1754557662909{margin-top: 0px !important;margin-bottom: 0px !important;padding-top: 0px !important;padding-bottom: 0px !important;}&#8221;][vc_column css=&#8221;.vc_custom_1754557657911{margin-bottom: 0px !important;padding-bottom: 0px !important;}&#8221;][vc_column_text css=&#8221;.vc_custom_1754557671253{margin-bottom: 0px !important;}&#8221;][\/vc_column_text][\/vc_column][\/vc_row][vc_row el_id=&#8221;box_consulenza&#8221;][vc_column css=&#8221;.vc_custom_1758299758510{padding-top: 60px !important;padding-bottom: 60px !important;}&#8221;][vc_custom_heading text=&#8221;Services de Conseil et d\u2019Assistance Technique&#8221; font_container=&#8221;tag:h2|font_size:55|text_align:center|color:%23244C5A&#8221; google_fonts=&#8221;font_family:Lato%3A100%2C100italic%2C300%2C300italic%2Cregular%2Citalic%2C700%2C700italic%2C900%2C900italic|font_style:700%20bold%20regular%3A700%3Anormal&#8221; css=&#8221;&#8221; el_id=&#8221;titolo_principale_consulenza&#8221;][vc_column_text css=&#8221;&#8221; el_class=&#8221;sub_title weight_500&#8243; el_id=&#8221;sub_title_consulenza&#8221;] Un [&hellip;]<\/p>\n","protected":false},"author":2,"featured_media":0,"parent":0,"menu_order":0,"comment_status":"closed","ping_status":"closed","template":"","meta":{"_acf_changed":false,"inline_featured_image":false,"footnotes":""},"class_list":["post-5612","page","type-page","status-publish","hentry"],"acf":[],"_links":{"self":[{"href":"https:\/\/sireggeotech.it\/fr\/wp-json\/wp\/v2\/pages\/5612","targetHints":{"allow":["GET"]}}],"collection":[{"href":"https:\/\/sireggeotech.it\/fr\/wp-json\/wp\/v2\/pages"}],"about":[{"href":"https:\/\/sireggeotech.it\/fr\/wp-json\/wp\/v2\/types\/page"}],"author":[{"embeddable":true,"href":"https:\/\/sireggeotech.it\/fr\/wp-json\/wp\/v2\/users\/2"}],"replies":[{"embeddable":true,"href":"https:\/\/sireggeotech.it\/fr\/wp-json\/wp\/v2\/comments?post=5612"}],"version-history":[{"count":9,"href":"https:\/\/sireggeotech.it\/fr\/wp-json\/wp\/v2\/pages\/5612\/revisions"}],"predecessor-version":[{"id":9221,"href":"https:\/\/sireggeotech.it\/fr\/wp-json\/wp\/v2\/pages\/5612\/revisions\/9221"}],"wp:attachment":[{"href":"https:\/\/sireggeotech.it\/fr\/wp-json\/wp\/v2\/media?parent=5612"}],"curies":[{"name":"wp","href":"https:\/\/api.w.org\/{rel}","templated":true}]}}