{"id":5639,"date":"2025-09-19T10:14:36","date_gmt":"2025-09-19T10:14:36","guid":{"rendered":"https:\/\/sireggeotech.it\/certificazioni\/"},"modified":"2025-11-21T09:37:56","modified_gmt":"2025-11-21T09:37:56","slug":"certifications","status":"publish","type":"page","link":"https:\/\/sireggeotech.it\/fr\/certifications\/","title":{"rendered":"Certifications"},"content":{"rendered":"<div class=\"wpb-content-wrapper\"><p>[vc_row full_width=&#8221;stretch_row_content_no_spaces&#8221; el_class=&#8221;header&#8221; css=&#8221;.vc_custom_1754497309744{margin-top: 0px !important;margin-bottom: 0px !important;padding-top: 0px !important;padding-bottom: 0px !important;}&#8221;][vc_column][vc_single_image image=&#8221;5643&#8243; img_size=&#8221;full&#8221; alignment=&#8221;center&#8221; css=&#8221;&#8221;][\/vc_column][\/vc_row][vc_row full_width=&#8221;stretch_row_content_no_spaces&#8221; css=&#8221;.vc_custom_1754557662909{margin-top: 0px !important;margin-bottom: 0px !important;padding-top: 0px !important;padding-bottom: 0px !important;}&#8221;][vc_column css=&#8221;.vc_custom_1754557657911{margin-bottom: 0px !important;padding-bottom: 0px !important;}&#8221;][vc_column_text css=&#8221;.vc_custom_1754557671253{margin-bottom: 0px !important;}&#8221;]<div class=\"breadcrumbs\">\r\n\t<nav class=\"breadcrumbs\">\r\n\t\t<a href=\"\"https:\/\/sireggeotech.it \/>Home<\/a> &raquo;\r\n\t\tCertifications\t<\/nav>\r\n<\/div>[\/vc_column_text][\/vc_column][\/vc_row][vc_row el_class=&#8221;certificazioni&#8221;][vc_column css=&#8221;.vc_custom_1758277411349{padding-top: 60px !important;}&#8221;][vc_custom_heading text=&#8221;CERTIFICATIONS&#8221; font_container=&#8221;tag:h2|font_size:55|text_align:center|color:%23244C5A&#8221; google_fonts=&#8221;font_family:Lato%3A100%2C100italic%2C300%2C300italic%2Cregular%2Citalic%2C700%2C700italic%2C900%2C900italic|font_style:700%20bold%20regular%3A700%3Anormal&#8221; css=&#8221;&#8221; el_id=&#8221;top_certificazioni&#8221;][vc_column_text css=&#8221;&#8221; el_class=&#8221;sub_title weight_500&#8243; el_id=&#8221;sub_title_certificazioni&#8221;]<\/p>\n<p style=\"text-align: center;\">Nos certifications : gage de qualit\u00e9,<br \/>\nfiabilit\u00e9 et durabilit\u00e9<\/p>\n<p>[\/vc_column_text][vc_column_text css=&#8221;&#8221;]<\/p>\n<p style=\"text-align: center;\"><b>Sireg Geotech<\/b><span style=\"font-weight: 400;\"> fait partie des premi\u00e8res entreprises du secteur \u00e0 avoir obtenu des certifications reconnues au niveau national et international.<\/span><\/p>\n<p style=\"text-align: center;\"><span style=\"font-weight: 400;\">Ces distinctions t\u00e9moignent de notre <\/span><b>engagement constant<\/b><span style=\"font-weight: 400;\"> en faveur de la <\/span><b>qualit\u00e9<\/b><span style=\"font-weight: 400;\">, de la <\/span><b>s\u00e9curit\u00e9<\/b><span style=\"font-weight: 400;\"> et de la <\/span><b>durabilit\u00e9<\/b><span style=\"font-weight: 400;\">.<\/span><\/p>\n<p style=\"text-align: center;\"><span style=\"font-weight: 400;\">Pour nous, les certifications ne sont pas de simples formalit\u00e9s : elles repr\u00e9sentent un <\/span><b>engagement volontaire<\/b><span style=\"font-weight: 400;\"> \u00e0 \u00eatre \u00e9valu\u00e9s par des organismes tiers qualifi\u00e9s. Ce processus nous permet de <\/span><b>mettre en \u0153uvre des syst\u00e8mes de gestion rigoureux<\/b><span style=\"font-weight: 400;\">, garantissant le respect des r\u00e9glementations en vigueur et des <\/span><b>standards techniques les plus exigeants<\/b><span style=\"font-weight: 400;\">.<\/span><\/p>\n<p style=\"text-align: center;\"><span style=\"font-weight: 400;\">De la qualit\u00e9 des produits \u00e0 la protection de l\u2019environnement, chaque aspect de nos activit\u00e9s est g\u00e9r\u00e9 avec <\/span><b>responsabilit\u00e9 et pr\u00e9cision<\/b><span style=\"font-weight: 400;\">.<\/span><\/p>\n<p style=\"text-align: center;\"><span style=\"font-weight: 400;\">Ces certifications sont \u00e9galement une <\/span><b>preuve suppl\u00e9mentaire de notre culture industrielle<\/b><span style=\"font-weight: 400;\"> et des <\/span><b>relations solides<\/b><span style=\"font-weight: 400;\"> que nous entretenons quotidiennement avec nos clients, collaborateurs et parties prenantes.<\/span><\/p>\n<p>[\/vc_column_text][\/vc_column][\/vc_row][vc_row css=&#8221;.vc_custom_1762143230126{margin-top: 0px !important;padding-top: 0px !important;}&#8221; el_class=&#8221;certificazioni&#8221;][vc_column width=&#8221;1\/4&#8243; css=&#8221;.vc_custom_1758277411349{padding-top: 60px !important;}&#8221;][\/vc_column][vc_column width=&#8221;3\/4&#8243; css=&#8221;.vc_custom_1758293161258{padding-top: 60px !important;}&#8221;][vc_column_text css=&#8221;.vc_custom_1762944637079{margin-top: 0px !important;margin-bottom: 0px !important;padding-top: 0px !important;}&#8221; el_class=&#8221;sub_title weight_500&#8243; el_id=&#8221;title_certificazioni&#8221;]<\/p>\n<p style=\"text-align: center;\">Marquage CE pour les barres en fibre de verre<br \/>\nGLASSPREE\u00ae TS<\/p>\n<p>[\/vc_column_text][\/vc_column][\/vc_row][vc_row css=&#8221;.vc_custom_1762143237645{margin-top: 0px !important;padding-top: 20px !important;}&#8221; el_class=&#8221;certificazioni&#8221;][vc_column width=&#8221;1\/4&#8243;][vc_single_image image=&#8221;5645&#8243; img_size=&#8221;medium&#8221; alignment=&#8221;center&#8221; onclick=&#8221;custom_link&#8221; img_link_target=&#8221;_blank&#8221; css=&#8221;&#8221; link=&#8221;https:\/\/sireggeotech.it\/wp-content\/uploads\/2025\/09\/2024-12-20-Certificato-di-costanza-della-prestazione-0970-CPR-1015-CE-1624.pdf&#8221; el_class=&#8221;immagine_certificazioni_ce&#8221;][\/vc_column][vc_column width=&#8221;3\/4&#8243; css=&#8221;.vc_custom_1758285350553{padding-top: 0px !important;}&#8221;][vc_column_text css=&#8221;.vc_custom_1762944790817{margin-top: 0px !important;padding-top: 0px !important;}&#8221;]<b>Janvier 2025 \u2013<\/b><span style=\"font-weight: 400;\"> Sireg Geotech a obtenu le <\/span><b>marquage CE<\/b><span style=\"font-weight: 400;\"> pour les <a href=\"https:\/\/sireggeotech.it\/fr\/produits\/barre-fibre-de-verre-glasspree-ts\/\">barres droites et profil\u00e9es <strong>GLASSPREE<sup>\u00ae<\/sup><\/strong><\/a><\/span><b>\u00a0TS<\/b><span style=\"font-weight: 400;\"> en fibre de verre, con\u00e7ues pour le <\/span><b>renforcement structurel des ouvrages en b\u00e9ton<\/b><span style=\"font-weight: 400;\">, qu\u2019ils soient neufs ou existants.<\/span><\/p>\n<p><span style=\"font-weight: 400;\">Cette certification repr\u00e9sente <\/span><b>une \u00e9tape importante pour le secteur europ\u00e9en de la construction<\/b><span style=\"font-weight: 400;\">, en offrant une alternative qualifi\u00e9e et pratique aux <\/span><b>armatures traditionnelles en acier<\/b><span style=\"font-weight: 400;\"> : les barres composites <\/span><b>GFRP (Glass Fiber Reinforced Polymer)<\/b><span style=\"font-weight: 400;\">.<\/span><\/p>\n<p><span style=\"font-weight: 400;\">Le <\/span><b>marquage CE<\/b><span style=\"font-weight: 400;\">, conform\u00e9ment au R\u00e8glement (UE) n\u00b0 305\/2011, est obligatoire pour tous les produits et syst\u00e8mes destin\u00e9s \u00e0 \u00eatre int\u00e9gr\u00e9s de mani\u00e8re permanente dans les ouvrages de construction, lorsque leur performance influence les caract\u00e9ristiques essentielles de la structure.<\/span>[\/vc_column_text][vc_row_inner el_class=&#8221;inline_pdf&#8221;][vc_column_inner el_class=&#8221;pdf_certificazioni&#8221;][vc_single_image image=&#8221;5640&#8243; img_size=&#8221;50px&#8221; onclick=&#8221;custom_link&#8221; img_link_target=&#8221;_blank&#8221; css=&#8221;.vc_custom_1758293534427{margin-top: -20px !important;margin-bottom: 20px !important;padding-top: 0px !important;}&#8221; link=&#8221;https:\/\/sireggeotech.it\/wp-content\/uploads\/2025\/09\/2024-12-20-Certificato-di-costanza-della-prestazione-0970-CPR-1015-CE-1624.pdf&#8221;][vc_single_image image=&#8221;5640&#8243; img_size=&#8221;50px&#8221; onclick=&#8221;custom_link&#8221; img_link_target=&#8221;_blank&#8221; css=&#8221;.vc_custom_1762159651883{margin-top: -20px !important;margin-bottom: 20px !important;padding-top: 0px !important;}&#8221; link=&#8221;https:\/\/sireggeotech.it\/wp-content\/uploads\/2025\/10\/Sireg-Glasspree-TS-DoP-001-25-r01-sl.pdf&#8221;][\/vc_column_inner][\/vc_row_inner][\/vc_column][\/vc_row][vc_row css=&#8221;.vc_custom_1758284625046{margin-top: 0px !important;padding-top: 0px !important;}&#8221;][vc_column width=&#8221;1\/4&#8243; css=&#8221;.vc_custom_1758277411349{padding-top: 60px !important;}&#8221;][\/vc_column][vc_column width=&#8221;3\/4&#8243; css=&#8221;.vc_custom_1758293128408{padding-top: 60px !important;}&#8221;][vc_column_text css=&#8221;.vc_custom_1762944820858{margin-top: 0px !important;margin-bottom: 0px !important;padding-top: 0px !important;}&#8221; el_class=&#8221;sub_title weight_500&#8243; el_id=&#8221;title_certificazioni&#8221;]<\/p>\n<p style=\"text-align: center;\">Certification ETA<br \/>\n(European Technical Assessment)<\/p>\n<p>[\/vc_column_text][\/vc_column][\/vc_row][vc_row css=&#8221;.vc_custom_1762143258150{margin-top: 0px !important;padding-top: 20px !important;}&#8221; el_class=&#8221;certificazioni&#8221;][vc_column width=&#8221;1\/4&#8243;][vc_single_image image=&#8221;5646&#8243; img_size=&#8221;full&#8221; alignment=&#8221;center&#8221; onclick=&#8221;custom_link&#8221; img_link_target=&#8221;_blank&#8221; css=&#8221;.vc_custom_1758286876667{margin-bottom: 0px !important;}&#8221; link=&#8221;https:\/\/sireggeotech.it\/wp-content\/uploads\/2025\/09\/ETA-22-0168-SIREG-ITA-Prot-ITC-6317-signed.pdf&#8221; el_class=&#8221;immagine_certificazioni&#8221;][\/vc_column][vc_column width=&#8221;3\/4&#8243; css=&#8221;.vc_custom_1758285350553{padding-top: 0px !important;}&#8221;][vc_column_text css=&#8221;.vc_custom_1762944907174{margin-top: 0px !important;padding-top: 0px !important;}&#8221;]Le 28 octobre 2022, <b>Sireg Geotech<\/b> a obtenu <b>l\u2019\u00c9valuation Technique Europ\u00e9enne (ETA 22\/0168)<\/b> pour les <a href=\"https:\/\/sireggeotech.it\/fr\/produits\/barre-fibre-de-verre-glasspree-ts\/\">barres en fibre de verre<\/a> <strong>Glasspree<sup>\u00ae<\/sup><\/strong><b>\u00a0TS<\/b> destin\u00e9es \u00e0 un usage structurel, conform\u00e9ment au document EAD n\u00b0 260023-00-0301 : \u00ab <i>Barres FRP (Fibre Reinforced Polymer) en carbone, verre, basalte et aramide pour le renforcement d\u2019\u00e9l\u00e9ments structurels<\/i> \u00bb.<\/p>\n<p><span style=\"font-weight: 400;\">Cette reconnaissance r\u00e9sulte de la collaboration avec <\/span><b>l\u2019Institut des Technologies de la Construction (ITC-CNR)<\/b><span style=\"font-weight: 400;\"> et le <\/span><b>Politecnico di Milano<\/b><span style=\"font-weight: 400;\">, confirmant le <\/span><b>haut niveau technique et innovant<\/b><span style=\"font-weight: 400;\"> du produit.<\/span><\/p>\n<p><span style=\"font-weight: 400;\">Les barres en fibre de verre <strong>Glasspree<sup>\u00ae<\/sup><\/strong><\/span><b>\u00a0TS<\/b><span style=\"font-weight: 400;\"> offrent une <\/span><b>alternative plus durable et durable \u00e0 l\u2019acier<\/b><span style=\"font-weight: 400;\">, particuli\u00e8rement adapt\u00e9e aux environnements agressifs (tels que les conditions salines ou les chlorures de d\u00e9neigement) ou aux zones soumises \u00e0 des champs \u00e9lectromagn\u00e9tiques.<\/span><\/p>\n<p><span style=\"font-weight: 400;\">\u00c0 ce jour, les barres <strong>Glasspree<sup>\u00ae<\/sup><\/strong><\/span><b>\u00a0TS<\/b><span style=\"font-weight: 400;\"> sont <\/span><b>les seules barres en fibre de verre sur le march\u00e9 \u00e0 disposer de la certification ETA<\/b><span style=\"font-weight: 400;\">, faisant d\u2019elles une r\u00e9f\u00e9rence technologique dans le secteur du renforcement structurel.<\/span>[\/vc_column_text][vc_single_image image=&#8221;5640&#8243; img_size=&#8221;50px&#8221; onclick=&#8221;custom_link&#8221; img_link_target=&#8221;_blank&#8221; css=&#8221;.vc_custom_1758293458720{margin-top: -20px !important;margin-bottom: 20px !important;padding-top: 0px !important;}&#8221; link=&#8221;https:\/\/sireggeotech.it\/wp-content\/uploads\/2025\/09\/ETA-22-0168-SIREG-ITA-Prot-ITC-6317-signed.pdf&#8221;][\/vc_column][\/vc_row][vc_row css=&#8221;.vc_custom_1758284625046{margin-top: 0px !important;padding-top: 0px !important;}&#8221;][vc_column width=&#8221;1\/4&#8243; css=&#8221;.vc_custom_1758277411349{padding-top: 60px !important;}&#8221;][\/vc_column][vc_column width=&#8221;3\/4&#8243; css=&#8221;.vc_custom_1758293138712{padding-top: 60px !important;}&#8221;][vc_column_text css=&#8221;.vc_custom_1762944923596{margin-top: 0px !important;margin-bottom: 0px !important;padding-top: 0px !important;}&#8221; el_class=&#8221;sub_title weight_500&#8243; el_id=&#8221;title_certificazioni&#8221;]<\/p>\n<p style=\"text-align: center;\">D\u00e9claration Environnementale de Produit<br \/>\n(EPD)<\/p>\n<p>[\/vc_column_text][\/vc_column][\/vc_row][vc_row css=&#8221;.vc_custom_1762143268356{margin-top: 0px !important;padding-top: 20px !important;}&#8221; el_class=&#8221;certificazioni&#8221;][vc_column width=&#8221;1\/4&#8243;][vc_single_image image=&#8221;5641&#8243; img_size=&#8221;full&#8221; alignment=&#8221;center&#8221; onclick=&#8221;custom_link&#8221; img_link_target=&#8221;_blank&#8221; css=&#8221;&#8221; link=&#8221;https:\/\/sireggeotech.it\/wp-content\/uploads\/2025\/09\/EPD-SIREG-Glasspree-TS.pdf&#8221; el_class=&#8221;immagine_certificazioni&#8221;][\/vc_column][vc_column width=&#8221;3\/4&#8243; css=&#8221;.vc_custom_1758285350553{padding-top: 0px !important;}&#8221;][vc_column_text css=&#8221;.vc_custom_1762944958296{margin-top: 0px !important;padding-top: 0px !important;}&#8221;]Le 25 octobre 2024, <b>Sireg Geotech<\/b> a obtenu la certification <b>EPD (Environmental Product Declaration)<\/b> pour les barres et \u00e9triers en fibre de verre <strong>GLASSPREE<sup>\u00ae<\/sup><\/strong><b>\u00a0TS<\/b>.<\/p>\n<p><span style=\"font-weight: 400;\">Con\u00e7ues pour le renforcement permanent du b\u00e9ton, les barres GLASSPREE<sup>\u00ae<\/sup> TS offrent une grande durabilit\u00e9, une r\u00e9sistance \u00e0 la corrosion et un impact environnemental r\u00e9duit, les rendant id\u00e9ales pour des environnements agressifs, tels que les zones salines, les lieux expos\u00e9s aux champs \u00e9lectromagn\u00e9tiques ou aux chlorures de d\u00e9neigement.<\/span>[\/vc_column_text][vc_single_image image=&#8221;5640&#8243; img_size=&#8221;50px&#8221; onclick=&#8221;custom_link&#8221; img_link_target=&#8221;_blank&#8221; css=&#8221;.vc_custom_1758293515758{margin-top: -20px !important;margin-bottom: 20px !important;padding-top: 0px !important;}&#8221; link=&#8221;https:\/\/sireggeotech.it\/wp-content\/uploads\/2025\/09\/EPD-SIREG-Glasspree-TS.pdf&#8221;][\/vc_column][\/vc_row][vc_row css=&#8221;.vc_custom_1758284625046{margin-top: 0px !important;padding-top: 0px !important;}&#8221;][vc_column width=&#8221;1\/4&#8243; css=&#8221;.vc_custom_1758277411349{padding-top: 60px !important;}&#8221;][\/vc_column][vc_column width=&#8221;3\/4&#8243; css=&#8221;.vc_custom_1758293118646{padding-top: 40px !important;}&#8221;][vc_column_text css=&#8221;.vc_custom_1762944975964{margin-bottom: 0px !important;}&#8221; el_class=&#8221;sub_title weight_500&#8243; el_id=&#8221;title_certificazioni&#8221;]<\/p>\n<p style=\"text-align: center;\">Certification du Syst\u00e8me de Qualit\u00e9<br \/>\nUNI EN ISO 9001:2015<\/p>\n<p>[\/vc_column_text][\/vc_column][\/vc_row][vc_row content_placement=&#8221;top&#8221; css=&#8221;.vc_custom_1762143279430{margin-top: 0px !important;margin-bottom: 120px !important;padding-top: 20px !important;}&#8221; el_class=&#8221;certificazioni&#8221;][vc_column width=&#8221;1\/4&#8243;][vc_single_image image=&#8221;5642&#8243; img_size=&#8221;full&#8221; alignment=&#8221;center&#8221; onclick=&#8221;custom_link&#8221; img_link_target=&#8221;_blank&#8221; css=&#8221;&#8221; link=&#8221;https:\/\/sireggeotech.it\/wp-content\/uploads\/2025\/09\/SIREG-Certificato-ISO-9001-201-it-eng.pdf&#8221; el_class=&#8221;immagine_certificazioni&#8221;][\/vc_column][vc_column width=&#8221;3\/4&#8243; css=&#8221;.vc_custom_1761122967900{padding-top: 0px !important;}&#8221;][vc_column_text css=&#8221;&#8221;]<span style=\"font-weight: 400;\">Le <\/span><b>Syst\u00e8me de Qualit\u00e9 de Sireg Geotech<\/b><span style=\"font-weight: 400;\"> est certifi\u00e9 selon la norme <\/span><b>UNI EN ISO 9001<\/b><span style=\"font-weight: 400;\"> depuis 1997.<\/span><\/p>\n<p><span style=\"font-weight: 400;\">Depuis plus de 25 ans, cette norme constitue un outil fondamental pour l\u2019entreprise, garantissant le contr\u00f4le \u00e0 chaque \u00e9tape du processus de production, la tra\u00e7abilit\u00e9 des mat\u00e9riaux et le strict respect de toutes les proc\u00e9dures \u00e9tablies.<\/span><\/p>\n<p><span style=\"font-weight: 400;\">L\u2019objectif ultime est de fournir des produits fiables et performants, conformes aux standards de qualit\u00e9 les plus \u00e9lev\u00e9s, et de satisfaire constamment les attentes de nos clients.<\/span>[\/vc_column_text][vc_single_image image=&#8221;5640&#8243; img_size=&#8221;50px&#8221; onclick=&#8221;custom_link&#8221; img_link_target=&#8221;_blank&#8221; css=&#8221;.vc_custom_1758293498870{margin-top: -20px !important;margin-bottom: 20px !important;padding-top: 0px !important;}&#8221; link=&#8221;https:\/\/sireggeotech.it\/wp-content\/uploads\/2025\/09\/SIREG-Certificato-ISO-9001-201-it-eng.pdf&#8221;][\/vc_column][\/vc_row]<\/p>\n<\/div>","protected":false},"excerpt":{"rendered":"<p>[vc_row full_width=&#8221;stretch_row_content_no_spaces&#8221; el_class=&#8221;header&#8221; css=&#8221;.vc_custom_1754497309744{margin-top: 0px !important;margin-bottom: 0px !important;padding-top: 0px !important;padding-bottom: 0px !important;}&#8221;][vc_column][vc_single_image image=&#8221;5643&#8243; img_size=&#8221;full&#8221; alignment=&#8221;center&#8221; css=&#8221;&#8221;][\/vc_column][\/vc_row][vc_row full_width=&#8221;stretch_row_content_no_spaces&#8221; css=&#8221;.vc_custom_1754557662909{margin-top: 0px !important;margin-bottom: 0px !important;padding-top: 0px !important;padding-bottom: 0px !important;}&#8221;][vc_column css=&#8221;.vc_custom_1754557657911{margin-bottom: 0px !important;padding-bottom: 0px !important;}&#8221;][vc_column_text css=&#8221;.vc_custom_1754557671253{margin-bottom: 0px !important;}&#8221;][\/vc_column_text][\/vc_column][\/vc_row][vc_row el_class=&#8221;certificazioni&#8221;][vc_column css=&#8221;.vc_custom_1758277411349{padding-top: 60px !important;}&#8221;][vc_custom_heading text=&#8221;CERTIFICATIONS&#8221; font_container=&#8221;tag:h2|font_size:55|text_align:center|color:%23244C5A&#8221; google_fonts=&#8221;font_family:Lato%3A100%2C100italic%2C300%2C300italic%2Cregular%2Citalic%2C700%2C700italic%2C900%2C900italic|font_style:700%20bold%20regular%3A700%3Anormal&#8221; css=&#8221;&#8221; el_id=&#8221;top_certificazioni&#8221;][vc_column_text css=&#8221;&#8221; el_class=&#8221;sub_title weight_500&#8243; el_id=&#8221;sub_title_certificazioni&#8221;] Nos certifications : gage de qualit\u00e9, fiabilit\u00e9 et [&hellip;]<\/p>\n","protected":false},"author":2,"featured_media":0,"parent":0,"menu_order":0,"comment_status":"closed","ping_status":"closed","template":"","meta":{"_acf_changed":false,"inline_featured_image":false,"footnotes":""},"class_list":["post-5639","page","type-page","status-publish","hentry"],"acf":[],"_links":{"self":[{"href":"https:\/\/sireggeotech.it\/fr\/wp-json\/wp\/v2\/pages\/5639","targetHints":{"allow":["GET"]}}],"collection":[{"href":"https:\/\/sireggeotech.it\/fr\/wp-json\/wp\/v2\/pages"}],"about":[{"href":"https:\/\/sireggeotech.it\/fr\/wp-json\/wp\/v2\/types\/page"}],"author":[{"embeddable":true,"href":"https:\/\/sireggeotech.it\/fr\/wp-json\/wp\/v2\/users\/2"}],"replies":[{"embeddable":true,"href":"https:\/\/sireggeotech.it\/fr\/wp-json\/wp\/v2\/comments?post=5639"}],"version-history":[{"count":6,"href":"https:\/\/sireggeotech.it\/fr\/wp-json\/wp\/v2\/pages\/5639\/revisions"}],"predecessor-version":[{"id":8868,"href":"https:\/\/sireggeotech.it\/fr\/wp-json\/wp\/v2\/pages\/5639\/revisions\/8868"}],"wp:attachment":[{"href":"https:\/\/sireggeotech.it\/fr\/wp-json\/wp\/v2\/media?parent=5639"}],"curies":[{"name":"wp","href":"https:\/\/api.w.org\/{rel}","templated":true}]}}